{"id":5482,"date":"2022-11-14T17:03:19","date_gmt":"2022-11-14T16:03:19","guid":{"rendered":"https:\/\/intermezzomeat.com\/?page_id=5482"},"modified":"2024-09-12T09:17:54","modified_gmt":"2024-09-12T07:17:54","slug":"politique-de-confidentialite","status":"publish","type":"page","link":"https:\/\/intermezzomeat.com\/fr\/politique-de-confidentialite\/","title":{"rendered":"Politique de confidentialit\u00e9"},"content":{"rendered":"\n<p>Intermezzo Meat B.V., situ\u00e9e Oonksweg 38B, 7622 AW Borne, est responsable du traitement des donn\u00e9es personnelles comme indiqu\u00e9 dans cette d\u00e9claration de confidentialit\u00e9.<\/p>\n\n\n\n<p>Coordonn\u00e9es :<br>https:\/\/www.intermezzomeat.com Oonksweg 38B, 7622 AW Borne +31 (0)53 478 90 41<\/p>\n\n\n\n<p>Peter Kleinhout est le d\u00e9l\u00e9gu\u00e9 \u00e0 la protection des donn\u00e9es d&rsquo;Intermezzo Meat B.V. Il peut \u00eatre contact\u00e9 via info@intermezzomeat.com<\/p>\n\n\n\n<p>Donn\u00e9es personnelles que nous traitons<\/p>\n\n\n\n<p>Intermezzo Meat B.V. traite vos donn\u00e9es personnelles parce que vous utilisez nos services et\/ou parce que vous nous les fournissez vous-m\u00eame.<\/p>\n\n\n\n<p>Vous trouverez ci-dessous un aper\u00e7u des donn\u00e9es personnelles que nous traitons :<\/p>\n\n\n\n<ul class=\"wp-block-list\">\n<li>Nom et pr\u00e9nom<\/li>\n\n\n\n<li>D\u00e9tails de l&rsquo;adresse<\/li>\n\n\n\n<li>Num\u00e9ro de t\u00e9l\u00e9phone<\/li>\n\n\n\n<li>Adresse e-mail<\/li>\n\n\n\n<li>Adresse IP<\/li>\n\n\n\n<li>Autres donn\u00e9es personnelles que vous fournissez activement, par exemple en cr\u00e9ant un profil sur ce site Internet, dans la correspondance et par t\u00e9l\u00e9phone<\/li>\n\n\n\n<li>Donn\u00e9es de localisation<\/li>\n\n\n\n<li>Informations sur vos activit\u00e9s sur notre site internet<\/li>\n\n\n\n<li>Donn\u00e9es sur votre comportement de navigation sur diff\u00e9rents sites Web (par exemple parce que cette soci\u00e9t\u00e9 fait partie d&rsquo;un r\u00e9seau publicitaire)<\/li>\n\n\n\n<li>Navigateur Internet et type d&rsquo;appareil<\/li>\n<\/ul>\n\n\n\n<p>Donn\u00e9es personnelles sp\u00e9ciales et\/ou sensibles que nous traitons<\/p>\n\n\n\n<p>Notre site Web et\/ou service n\u2019a pas l\u2019intention de collecter des donn\u00e9es sur les visiteurs du site Web \u00e2g\u00e9s de moins de 16 ans. Sauf s&rsquo;ils ont la permission des parents ou des tuteurs. Cependant, nous ne pouvons pas v\u00e9rifier si un visiteur a plus de 16 ans. Nous recommandons donc aux parents d&rsquo;\u00eatre impliqu\u00e9s dans les activit\u00e9s en ligne de leurs enfants afin d&rsquo;\u00e9viter que des donn\u00e9es sur les enfants soient collect\u00e9es sans le consentement des parents. Si vous \u00eates convaincu que nous avons collect\u00e9 des informations personnelles sur un mineur sans ce consentement, veuillez nous contacter \u00e0 info@intermezzomeat.com et nous supprimerons ces informations.<\/p>\n\n\n\n<p>Dans quel but et sur quelle base traitons-nous les donn\u00e9es personnelles ?<\/p>\n\n\n\n<p>Intermezzo Meat B.V. traite vos donn\u00e9es personnelles aux fins suivantes :<\/p>\n\n\n\n<ul class=\"wp-block-list\">\n<li>Envoi de notre newsletter et\/ou plaquette publicitaire<\/li>\n\n\n\n<li>Pour pouvoir vous appeler ou vous envoyer un e-mail si cela est n\u00e9cessaire pour fournir nos services<\/li>\n\n\n\n<li>Pour vous informer des modifications apport\u00e9es \u00e0 nos services et produits<\/li>\n\n\n\n<li>Intermezzo Meat B.V. traite \u00e9galement des donn\u00e9es personnelles si nous y sommes l\u00e9galement oblig\u00e9s, telles que les donn\u00e9es dont nous avons besoin pour notre d\u00e9claration d&rsquo;imp\u00f4ts.<\/li>\n<\/ul>\n\n\n\n<p>Prise de d\u00e9cision automatis\u00e9e<\/p>\n\n\n\n<p>Intermezzo Meat B.V. ne prend pas de d\u00e9cisions bas\u00e9es sur un traitement automatis\u00e9 sur des questions qui pourraient avoir des cons\u00e9quences (significatives) pour les personnes. Il s&rsquo;agit de d\u00e9cisions prises par des programmes ou des syst\u00e8mes informatiques, sans l&rsquo;intervention d&rsquo;un \u00eatre humain (par exemple un employ\u00e9 d&rsquo;Intermezzo Meat B.V.). Intermezzo Meat B.V. utilise les programmes ou syst\u00e8mes informatiques suivants&nbsp;:<\/p>\n\n\n\n<p>Combien de temps conservons-nous les donn\u00e9es personnelles<\/p>\n\n\n\n<p><\/p>\n\n\n\n<p>Intermezzo Meat B.V. ne conserve pas vos donn\u00e9es personnelles plus longtemps que ce qui est strictement n\u00e9cessaire pour atteindre les finalit\u00e9s pour lesquelles vos donn\u00e9es sont collect\u00e9es. Si vous remplissez le formulaire de contact sur notre site Internet, ces informations seront conserv\u00e9es et stock\u00e9es afin que nous en ayons une copie \u00e0 tout moment. Celles-ci ne sont pas supprim\u00e9es apr\u00e8s un certain temps, mais vous pouvez toujours demander ces donn\u00e9es ou introduire une demande de suppression. Nous sommes heureux d\u2019y contribuer. Dans un tel cas, envoyez un email \u00e0 info@intermezzomeat.com. Ces informations ne seront jamais partag\u00e9es avec d&rsquo;autres.<\/p>\n\n\n\n<p>Partage de donn\u00e9es personnelles avec des tiers<\/p>\n\n\n\n<p>Intermezzo Meat B.V. ne vend pas vos donn\u00e9es \u00e0 des tiers et ne les fournit que si cela est n\u00e9cessaire \u00e0 l&rsquo;ex\u00e9cution de notre accord avec vous ou au respect d&rsquo;une obligation l\u00e9gale. Nous concluons un accord de traitement avec des soci\u00e9t\u00e9s qui traitent vos donn\u00e9es en notre nom pour garantir le m\u00eame niveau de s\u00e9curit\u00e9 et de confidentialit\u00e9 de vos donn\u00e9es. Intermezzo Meat B.V. reste responsable de ces traitements.<\/p>\n\n\n\n<p>Cookies ou techniques similaires que nous utilisons<\/p>\n\n\n\n<p>Intermezzo Meat B.V. utilise des cookies fonctionnels, analytiques et de suivi. Un cookie est un petit fichier texte stock\u00e9 dans le navigateur de votre ordinateur, tablette ou smartphone lors de votre premi\u00e8re visite sur ce site Internet. Intermezzo Meat B.V. utilise des cookies avec une fonctionnalit\u00e9 purement technique. Ceux-ci garantissent que le site Web fonctionne correctement et que, par exemple, vos param\u00e8tres de pr\u00e9f\u00e9rences sont m\u00e9moris\u00e9s. Ces cookies sont \u00e9galement utilis\u00e9s pour garantir le bon fonctionnement du site Internet et l&rsquo;optimiser. Nous pla\u00e7ons \u00e9galement des cookies qui suivent votre comportement de navigation afin de pouvoir vous proposer des contenus et des publicit\u00e9s personnalis\u00e9s.<\/p>\n\n\n\n<p>Lors de votre premi\u00e8re visite sur notre site Internet, nous vous avons d\u00e9j\u00e0 inform\u00e9 de ces cookies et vous avons demand\u00e9 l&rsquo;autorisation de les placer.<\/p>\n\n\n\n<p>Vous pouvez vous d\u00e9sinscrire des cookies en param\u00e9trant votre navigateur internet pour qu&rsquo;il ne stocke plus de cookies. De plus, vous pouvez \u00e9galement supprimer toutes les informations pr\u00e9c\u00e9demment stock\u00e9es via les param\u00e8tres de votre navigateur.<\/p>\n\n\n\n<p><\/p>\n\n\n\n<p>Pour une explication, voir&nbsp;: https:\/\/veiliginternetten.nl\/themes\/situation\/cookies-wat-zijn-het-en-wat-doe-ik-ermee\/<\/p>\n\n\n\n<p>Des cookies sont \u00e9galement plac\u00e9s sur ce site Web par des tiers. Il s&rsquo;agit par exemple d&rsquo;annonceurs et\/ou de soci\u00e9t\u00e9s de m\u00e9dias sociaux. Ci-dessous un aper\u00e7u&nbsp;:<\/p>\n\n\n\n<p>Cookie&nbsp;:&nbsp;Google&nbsp;Analytics<br>Nom : _ga<br>Fonction&nbsp;: Cookie analytique qui mesure les visites sur le site Web<br>Dur\u00e9e de conservation : 2 ans<\/p>\n\n\n\n<p>Afficher, ajuster ou supprimer des donn\u00e9es<\/p>\n\n\n\n<p>Vous avez le droit de consulter, de rectifier ou de supprimer vos donn\u00e9es personnelles. Vous avez \u00e9galement le droit de retirer votre consentement au traitement des donn\u00e9es ou de vous opposer au traitement de vos donn\u00e9es personnelles par Intermezzo Meat B.V. et vous avez droit \u00e0 la portabilit\u00e9 des donn\u00e9es. Cela signifie que vous pouvez nous demander d&rsquo;envoyer les donn\u00e9es personnelles que nous d\u00e9tenons \u00e0 votre sujet dans un fichier informatique \u00e0 vous ou \u00e0 une autre organisation mentionn\u00e9e par vous.<\/p>\n\n\n\n<p>Vous pouvez envoyer une demande d&rsquo;acc\u00e8s, de rectification, de suppression, de transfert de donn\u00e9es de vos donn\u00e9es personnelles ou une demande de retrait de votre consentement ou d&rsquo;opposition au traitement de vos donn\u00e9es personnelles \u00e0 info@intermezzomeat.com.<\/p>\n\n\n\n<p>Afin de garantir que la demande d&rsquo;acc\u00e8s a bien \u00e9t\u00e9 effectu\u00e9e par vous, nous vous demandons de joindre \u00e0 la demande une copie de votre justificatif d&rsquo;identit\u00e9. Faites en noir sur cette copie votre photo d&rsquo;identit\u00e9, votre MRZ (zone lisible par machine, la bande avec les num\u00e9ros au bas du passeport), votre num\u00e9ro de passeport et votre num\u00e9ro de service citoyen (BSN). Il s&rsquo;agit de prot\u00e9ger votre vie priv\u00e9e. Nous r\u00e9pondrons \u00e0 votre demande dans les plus brefs d\u00e9lais, mais dans un d\u00e9lai de quatre semaines.<\/p>\n\n\n\n<p>Intermezzo Meat B.V. Je tiens \u00e9galement \u00e0 souligner que vous avez la possibilit\u00e9 de d\u00e9poser une plainte aupr\u00e8s de l&rsquo;autorit\u00e9 de contr\u00f4le nationale, l&rsquo;autorit\u00e9 n\u00e9erlandaise de protection des donn\u00e9es. Cela peut \u00eatre fait via le lien suivant : https:\/\/autoriteitpersoonsgegevens.nl\/nl\/contact-met-de-autoriteit-persoonsgegevens\/tip-ons<\/p>\n\n\n\n<p>Comment nous prot\u00e9geons les donn\u00e9es personnelles<\/p>\n\n\n\n<p>Intermezzo Meat B.V. prend la protection de vos donn\u00e9es au s\u00e9rieux et prend les mesures appropri\u00e9es pour emp\u00eacher toute utilisation abusive, perte, acc\u00e8s non autoris\u00e9, divulgation non d\u00e9sir\u00e9e et modification non autoris\u00e9e. Si vous avez l&rsquo;impression que vos donn\u00e9es ne sont pas correctement s\u00e9curis\u00e9es ou s&rsquo;il existe des indices d&rsquo;utilisation abusive, veuillez contacter notre service client ou via info@intermezzomeat.com<\/p>\n","protected":false},"excerpt":{"rendered":"<p>Intermezzo Meat B.V., situ\u00e9e Oonksweg 38B, 7622 AW Borne, est responsable du traitement des donn\u00e9es personnelles comme indiqu\u00e9 dans cette d\u00e9claration de confidentialit\u00e9. Coordonn\u00e9es :https:\/\/www.intermezzomeat.com Oonksweg 38B, 7622 AW Borne +31 (0)53 478 90 41 Peter Kleinhout est le d\u00e9l\u00e9gu\u00e9 \u00e0 la protection des donn\u00e9es d&rsquo;Intermezzo Meat B.V. Il peut \u00eatre contact\u00e9 via info@intermezzomeat.com Donn\u00e9es [&hellip;]<\/p>\n","protected":false},"author":3,"featured_media":0,"parent":0,"menu_order":0,"comment_status":"closed","ping_status":"open","template":"","meta":{"_acf_changed":false,"footnotes":""},"class_list":["post-5482","page","type-page","status-publish","hentry"],"acf":[],"yoast_head":"<!-- This site is optimized with the Yoast SEO plugin v27.3 - https:\/\/yoast.com\/product\/yoast-seo-wordpress\/ -->\n<title>Politique de confidentialit\u00e9 - Intermezzo Meat<\/title>\n<meta name=\"robots\" content=\"index, follow, max-snippet:-1, max-image-preview:large, max-video-preview:-1\" \/>\n<link rel=\"canonical\" href=\"https:\/\/intermezzomeat.com\/fr\/politique-de-confidentialite\/\" \/>\n<meta property=\"og:locale\" content=\"fr_FR\" \/>\n<meta property=\"og:type\" content=\"article\" \/>\n<meta property=\"og:title\" content=\"Politique de confidentialit\u00e9 - Intermezzo Meat\" \/>\n<meta property=\"og:description\" content=\"Intermezzo Meat B.V., situ\u00e9e Oonksweg 38B, 7622 AW Borne, est responsable du traitement des donn\u00e9es personnelles comme indiqu\u00e9 dans cette d\u00e9claration de confidentialit\u00e9. Coordonn\u00e9es :https:\/\/www.intermezzomeat.com Oonksweg 38B, 7622 AW Borne +31 (0)53 478 90 41 Peter Kleinhout est le d\u00e9l\u00e9gu\u00e9 \u00e0 la protection des donn\u00e9es d&rsquo;Intermezzo Meat B.V. Il peut \u00eatre contact\u00e9 via info@intermezzomeat.com Donn\u00e9es [&hellip;]\" \/>\n<meta property=\"og:url\" content=\"https:\/\/intermezzomeat.com\/fr\/politique-de-confidentialite\/\" \/>\n<meta property=\"og:site_name\" content=\"Intermezzo Meat\" \/>\n<meta property=\"article:publisher\" content=\"https:\/\/www.facebook.com\/intermezzomeat\" \/>\n<meta property=\"article:modified_time\" content=\"2024-09-12T07:17:54+00:00\" \/>\n<meta name=\"twitter:card\" content=\"summary_large_image\" \/>\n<meta name=\"twitter:label1\" content=\"Dur\u00e9e de lecture estim\u00e9e\" \/>\n\t<meta name=\"twitter:data1\" content=\"6 minutes\" \/>\n<script type=\"application\/ld+json\" class=\"yoast-schema-graph\">{\"@context\":\"https:\\\/\\\/schema.org\",\"@graph\":[{\"@type\":\"WebPage\",\"@id\":\"https:\\\/\\\/intermezzomeat.com\\\/fr\\\/politique-de-confidentialite\\\/\",\"url\":\"https:\\\/\\\/intermezzomeat.com\\\/fr\\\/politique-de-confidentialite\\\/\",\"name\":\"Politique de confidentialit\u00e9 - Intermezzo Meat\",\"isPartOf\":{\"@id\":\"https:\\\/\\\/intermezzomeat.com\\\/fr\\\/#website\"},\"datePublished\":\"2022-11-14T16:03:19+00:00\",\"dateModified\":\"2024-09-12T07:17:54+00:00\",\"breadcrumb\":{\"@id\":\"https:\\\/\\\/intermezzomeat.com\\\/fr\\\/politique-de-confidentialite\\\/#breadcrumb\"},\"inLanguage\":\"fr-FR\",\"potentialAction\":[{\"@type\":\"ReadAction\",\"target\":[\"https:\\\/\\\/intermezzomeat.com\\\/fr\\\/politique-de-confidentialite\\\/\"]}]},{\"@type\":\"BreadcrumbList\",\"@id\":\"https:\\\/\\\/intermezzomeat.com\\\/fr\\\/politique-de-confidentialite\\\/#breadcrumb\",\"itemListElement\":[{\"@type\":\"ListItem\",\"position\":1,\"name\":\"Home\",\"item\":\"https:\\\/\\\/intermezzomeat.com\\\/fr\\\/\"},{\"@type\":\"ListItem\",\"position\":2,\"name\":\"Politique de confidentialit\u00e9\"}]},{\"@type\":\"WebSite\",\"@id\":\"https:\\\/\\\/intermezzomeat.com\\\/fr\\\/#website\",\"url\":\"https:\\\/\\\/intermezzomeat.com\\\/fr\\\/\",\"name\":\"Intermezzo Meat\",\"description\":\"Specialist in convenience producten voor de horeca en foodservices.\",\"potentialAction\":[{\"@type\":\"SearchAction\",\"target\":{\"@type\":\"EntryPoint\",\"urlTemplate\":\"https:\\\/\\\/intermezzomeat.com\\\/fr\\\/?s={search_term_string}\"},\"query-input\":{\"@type\":\"PropertyValueSpecification\",\"valueRequired\":true,\"valueName\":\"search_term_string\"}}],\"inLanguage\":\"fr-FR\"}]}<\/script>\n<!-- \/ Yoast SEO plugin. -->","yoast_head_json":{"title":"Politique de confidentialit\u00e9 - Intermezzo Meat","robots":{"index":"index","follow":"follow","max-snippet":"max-snippet:-1","max-image-preview":"max-image-preview:large","max-video-preview":"max-video-preview:-1"},"canonical":"https:\/\/intermezzomeat.com\/fr\/politique-de-confidentialite\/","og_locale":"fr_FR","og_type":"article","og_title":"Politique de confidentialit\u00e9 - Intermezzo Meat","og_description":"Intermezzo Meat B.V., situ\u00e9e Oonksweg 38B, 7622 AW Borne, est responsable du traitement des donn\u00e9es personnelles comme indiqu\u00e9 dans cette d\u00e9claration de confidentialit\u00e9. Coordonn\u00e9es :https:\/\/www.intermezzomeat.com Oonksweg 38B, 7622 AW Borne +31 (0)53 478 90 41 Peter Kleinhout est le d\u00e9l\u00e9gu\u00e9 \u00e0 la protection des donn\u00e9es d&rsquo;Intermezzo Meat B.V. Il peut \u00eatre contact\u00e9 via info@intermezzomeat.com Donn\u00e9es [&hellip;]","og_url":"https:\/\/intermezzomeat.com\/fr\/politique-de-confidentialite\/","og_site_name":"Intermezzo Meat","article_publisher":"https:\/\/www.facebook.com\/intermezzomeat","article_modified_time":"2024-09-12T07:17:54+00:00","twitter_card":"summary_large_image","twitter_misc":{"Dur\u00e9e de lecture estim\u00e9e":"6 minutes"},"schema":{"@context":"https:\/\/schema.org","@graph":[{"@type":"WebPage","@id":"https:\/\/intermezzomeat.com\/fr\/politique-de-confidentialite\/","url":"https:\/\/intermezzomeat.com\/fr\/politique-de-confidentialite\/","name":"Politique de confidentialit\u00e9 - Intermezzo Meat","isPartOf":{"@id":"https:\/\/intermezzomeat.com\/fr\/#website"},"datePublished":"2022-11-14T16:03:19+00:00","dateModified":"2024-09-12T07:17:54+00:00","breadcrumb":{"@id":"https:\/\/intermezzomeat.com\/fr\/politique-de-confidentialite\/#breadcrumb"},"inLanguage":"fr-FR","potentialAction":[{"@type":"ReadAction","target":["https:\/\/intermezzomeat.com\/fr\/politique-de-confidentialite\/"]}]},{"@type":"BreadcrumbList","@id":"https:\/\/intermezzomeat.com\/fr\/politique-de-confidentialite\/#breadcrumb","itemListElement":[{"@type":"ListItem","position":1,"name":"Home","item":"https:\/\/intermezzomeat.com\/fr\/"},{"@type":"ListItem","position":2,"name":"Politique de confidentialit\u00e9"}]},{"@type":"WebSite","@id":"https:\/\/intermezzomeat.com\/fr\/#website","url":"https:\/\/intermezzomeat.com\/fr\/","name":"Intermezzo Meat","description":"Specialist in convenience producten voor de horeca en foodservices.","potentialAction":[{"@type":"SearchAction","target":{"@type":"EntryPoint","urlTemplate":"https:\/\/intermezzomeat.com\/fr\/?s={search_term_string}"},"query-input":{"@type":"PropertyValueSpecification","valueRequired":true,"valueName":"search_term_string"}}],"inLanguage":"fr-FR"}]}},"_links":{"self":[{"href":"https:\/\/intermezzomeat.com\/fr\/wp-json\/wp\/v2\/pages\/5482","targetHints":{"allow":["GET"]}}],"collection":[{"href":"https:\/\/intermezzomeat.com\/fr\/wp-json\/wp\/v2\/pages"}],"about":[{"href":"https:\/\/intermezzomeat.com\/fr\/wp-json\/wp\/v2\/types\/page"}],"author":[{"embeddable":true,"href":"https:\/\/intermezzomeat.com\/fr\/wp-json\/wp\/v2\/users\/3"}],"replies":[{"embeddable":true,"href":"https:\/\/intermezzomeat.com\/fr\/wp-json\/wp\/v2\/comments?post=5482"}],"version-history":[{"count":1,"href":"https:\/\/intermezzomeat.com\/fr\/wp-json\/wp\/v2\/pages\/5482\/revisions"}],"predecessor-version":[{"id":5483,"href":"https:\/\/intermezzomeat.com\/fr\/wp-json\/wp\/v2\/pages\/5482\/revisions\/5483"}],"wp:attachment":[{"href":"https:\/\/intermezzomeat.com\/fr\/wp-json\/wp\/v2\/media?parent=5482"}],"curies":[{"name":"wp","href":"https:\/\/api.w.org\/{rel}","templated":true}]}}