{"id":5480,"date":"2023-10-06T11:26:06","date_gmt":"2023-10-06T09:26:06","guid":{"rendered":"https:\/\/intermezzomeat.com\/?page_id=5480"},"modified":"2024-09-12T09:09:09","modified_gmt":"2024-09-12T07:09:09","slug":"conditions-generales","status":"publish","type":"page","link":"https:\/\/intermezzomeat.com\/fr\/conditions-generales\/","title":{"rendered":"Conditions g\u00e9n\u00e9rales"},"content":{"rendered":"\n<p>Conditions g\u00e9n\u00e9rales de vente Intermezzo Viande<\/p>\n\n\n\n<p>Article 1. D\u00e9finitions<\/p>\n\n\n\n<p>Dans les pr\u00e9sentes conditions g\u00e9n\u00e9rales de vente, les d\u00e9finitions suivantes s&rsquo;appliquent :<\/p>\n\n\n\n<p>CLIENT : la personne \u00e0 qui INTERMEZZO MEAT fournit des marchandises et\/ou \u00e0 qui INTERMEZZO MEAT fournit des services ou qui en a convenu avec INTERMEZZO MEAT, ainsi que la personne qui a confi\u00e9 \u00e0 INTERMEZZO MEAT une commande de nature diff\u00e9rente&nbsp;;<\/p>\n\n\n\n<p>VIANDE INTERMEZZO&nbsp;: Intermezzo Meat B.V. situ\u00e9 \u00e0 Borne, utilisateur des pr\u00e9sentes conditions g\u00e9n\u00e9rales ;<\/p>\n\n\n\n<p>L\u00e9gislation alimentaire&nbsp;: toute la l\u00e9gislation en mati\u00e8re de s\u00e9curit\u00e9 alimentaire applicable aux marchandises, y compris (mais sans s&rsquo;y limiter) le r\u00e8glement (CE) n\u00b0 178\/2002 du Parlement europ\u00e9en et du Conseil&nbsp;(tel que modifi\u00e9 de temps \u00e0 autre ou tout r\u00e8glement ou r\u00e8glement qui le remplace) et les r\u00e9glementations et l\u00e9gislations connexes&nbsp;;<\/p>\n\n\n\n<p>Contrat&nbsp;: le contrat conclu entre INTERMEZZO MEAT et le CLIENT, ainsi que toute autre mission que le CLIENT fournit \u00e0 INTERMEZZO MEAT, ainsi que toutes les actions (juridiques) qui y sont li\u00e9es&nbsp;;<\/p>\n\n\n\n<p>Conditions G\u00e9n\u00e9rales de Vente : les pr\u00e9sentes conditions g\u00e9n\u00e9rales de vente d&rsquo;INTERMEZZO MEAT, qui s&rsquo;appliquent notamment (et donc non exclusivement) \u00e0 la fourniture de viande, de produits carn\u00e9s et autres biens connexes et \u00e0 la fourniture de services associ\u00e9s ;<\/p>\n\n\n\n<p>Marchandises&nbsp;: les marchandises \u00e0 livrer ou \u00e0 livrer par INTERMEZZO MEAT, y compris (mais sans s&rsquo;y limiter) la viande sous vide\/cuite (c\u00f4tes lev\u00e9es et c\u00f4tes lev\u00e9es), les marinades et les produits connexes.<\/p>\n\n\n\n<p>Article 2. G\u00e9n\u00e9ral<\/p>\n\n\n\n<p>2.1 Les Conditions g\u00e9n\u00e9rales de vente s&rsquo;appliquent \u00e0 toutes les offres, accords et autres relations juridiques dans lesquels INTERMEZZO MEAT agit en tant que vendeur (potentiel) ou fournisseur de marchandises.<\/p>\n\n\n\n<p>2.2&nbsp;Les pr\u00e9sentes conditions g\u00e9n\u00e9rales de vente et un accord ne peuvent \u00eatre d\u00e9rog\u00e9s qu&rsquo;au moyen d&rsquo;un accord \u00e9crit expr\u00e8s (ult\u00e9rieur). L&rsquo;applicabilit\u00e9 des conditions g\u00e9n\u00e9rales utilis\u00e9es par le CLIENT, sous quelque d\u00e9nomination que ce soit, est express\u00e9ment exclue.<\/p>\n\n\n\n<p>2.3&nbsp;Dans le cas o\u00f9 le contenu du Contrat diff\u00e8re du contenu des pr\u00e9sentes Conditions G\u00e9n\u00e9rales de Vente, le contenu du Contrat pr\u00e9vaudra.<\/p>\n\n\n\n<p>2.4 Dans les Conditions G\u00e9n\u00e9rales de Vente, les moyens \u00e9crits incluent \u00e9galement le courrier \u00e9lectronique ou tout autre support \u00e9lectronique.<\/p>\n\n\n\n<p>Article 3. Offres (devis) et conclusion du Contrat (acceptation)<\/p>\n\n\n\n<p>3.1&nbsp;&nbsp;Toutes les offres d&rsquo;INTERMEZZO MEAT (\u00e9galement appel\u00e9es devis) sont sans engagement et peuvent \u00eatre r\u00e9voqu\u00e9es ou modifi\u00e9es par INTERMEZZO MEAT \u00e0 tout moment, sauf indication contraire expresse par \u00e9crit d&rsquo;INTERMEZZO MEAT.<\/p>\n\n\n\n<p>3.2 Un accord ne sera conclu qu&rsquo;apr\u00e8s confirmation \u00e9crite d&rsquo;INTERMEZZO MEAT. Si et dans la mesure o\u00f9 le CLIENT envoie une commande sans offre pr\u00e9alable d&rsquo;INTERMEZZO MEAT, un Contrat ne sera conclu qu&rsquo;apr\u00e8s confirmation \u00e9crite ou ex\u00e9cution de celui-ci par INTERMEZZO MEAT.<\/p>\n\n\n\n<p>3.3&nbsp;&nbsp;Si une offre pr\u00e9voit un d\u00e9lai d&rsquo;acceptation, elle n&rsquo;est pas destin\u00e9e \u00e0 engager INTERMEZZO MEAT pour la dur\u00e9e indiqu\u00e9e. L&rsquo;article 3.1 reste applicable.<\/p>\n\n\n\n<p>3.4&nbsp;&nbsp;Nonobstant les dispositions de l&rsquo;article 6:225 alin\u00e9a 2 du Code civil, INTERMEZZO MEAT n&rsquo;est pas li\u00e9 par les \u00e9carts par rapport \u00e0 l&rsquo;offre d&rsquo;INTERMEZZO MEAT qui surviennent lors de l&rsquo;acceptation par le CLIENT, aussi mineurs que soient ces \u00e9carts. Dans un tel cas, le Contrat est r\u00e9put\u00e9 avoir \u00e9t\u00e9 conclu dans les conditions indiqu\u00e9es dans l&rsquo;offre, sauf qu&rsquo;INTERMEZZO MEAT a le droit d&rsquo;accepter \u00e0 tout moment une ou plusieurs (ou toutes) d\u00e9rogations \u00e0 ses conditions.<\/p>\n\n\n\n<p>3.5&nbsp;&nbsp;Tous les devis d&rsquo;INTERMEZZO MEAT sont, sauf indication contraire expresse dans le devis, bas\u00e9s sur l&rsquo;ex\u00e9cution du Contrat pendant les heures normales de travail et dans des conditions de travail normales. Si le Contrat n&rsquo;est pas ex\u00e9cut\u00e9 pendant les heures normales de travail et\/ou dans des conditions normales de travail, le CLIENT est tenu de supporter les frais suppl\u00e9mentaires associ\u00e9s.<\/p>\n\n\n\n<p>3.6&nbsp;&nbsp;Si, le cas \u00e9ch\u00e9ant, INTERMEZZO MEAT n&rsquo;a pas \u00e9mis d&rsquo;offre \u00e9crite ou si aucune confirmation \u00e9crite de commande n&rsquo;a \u00e9t\u00e9 effectu\u00e9e, nonobstant les dispositions de l&rsquo;article 3.1, la facture ou le bon de livraison envoy\u00e9 par INTERMEZZO MEAT sera \u00e9galement consid\u00e9r\u00e9 comme confirmation de la Contrat, sur lequel s\u2019appliquent les Conditions G\u00e9n\u00e9rales de Vente. La facture ou le bon de livraison ainsi que les Conditions G\u00e9n\u00e9rales de Vente sont r\u00e9put\u00e9s refl\u00e9ter fid\u00e8lement et int\u00e9gralement le Contrat.<\/p>\n\n\n\n<p>3.7&nbsp;&nbsp;INTERMEZZO MEAT a le droit de mettre fin aux n\u00e9gociations avec le CLIENT \u00e0 tout moment et sans indication de motifs. INTERMEZZO MEAT ne sera jamais responsable des dommages en cas de rupture des n\u00e9gociations.<\/p>\n\n\n\n<p>3.8&nbsp;&nbsp;Le CLIENT, dans la mesure o\u00f9 il agit dans l&rsquo;exercice d&rsquo;une profession ou d&rsquo;une entreprise, renonce \u00e0 son droit de dissolution ou de r\u00e9vocation sur la base de l&rsquo;article 6&nbsp;:&nbsp;227c alin\u00e9a 2 du Code civil.<\/p>\n\n\n\n<p>3.9&nbsp;&nbsp;INTERMEZZO MEAT n&rsquo;est pas oblig\u00e9 de se renseigner aupr\u00e8s du CLIENT ou de tiers concernant l&rsquo;utilisation pr\u00e9vue des marchandises ou les circonstances dans lesquelles les marchandises seront utilis\u00e9es.<\/p>\n\n\n\n<p>Article 4 Livraison, transport et transfert des risques<\/p>\n\n\n\n<p>4.1&nbsp;&nbsp;Sauf accord contraire expr\u00e8s par \u00e9crit, toutes les livraisons sont en principe effectu\u00e9es sur la base de la destination \u00ab&nbsp;Delivered At Place&nbsp;\u00bb (\u00ab&nbsp;DAP&nbsp;\u00bb) conform\u00e9ment aux INCOTERMS 2020 ou au moins \u00e0 la derni\u00e8re version.<\/p>\n\n\n\n<p>4.2&nbsp;&nbsp;Le CLIENT est tenu d&rsquo;accepter la livraison des Marchandises au moment o\u00f9 elles lui sont propos\u00e9es pour livraison. L&rsquo;ACHETEUR a une obligation d&rsquo;achat. Le risque de toutes les marchandises est transf\u00e9r\u00e9 au CLIENT au moment o\u00f9 elles lui sont propos\u00e9es pour livraison.<\/p>\n\n\n\n<p>4.3&nbsp;&nbsp;Si le CLIENT n&rsquo;ach\u00e8te pas (dans les d\u00e9lais) les articles propos\u00e9s \u00e0 la livraison conform\u00e9ment au contrat pour quelque raison que ce soit, tous les frais engag\u00e9s en vain par INTERMEZZO MEAT dans le cadre de l&rsquo;offre ainsi que les \u00e9ventuels frais suppl\u00e9mentaires de transport, de garde et de stockage seront \u00e0 la charge du CLIENT. Dans ce cas, INTERMEZZO MEAT est \u00e9galement en droit de vendre les marchandises \u00e0 des tiers apr\u00e8s un d\u00e9lai de trois jours apr\u00e8s l&rsquo;offre au CLIENT. Dans ce dernier cas, le produit des marchandises \u00e0 hauteur du prix convenu remplacera ces marchandises, \u00e9tant entendu qu&rsquo;INTERMEZZO MEAT est en droit de d\u00e9duire tous les frais encourus (par exemple stockage et transport) et les dommages. de ce produit respectivement \u00e0 compenser avec ce produit, sans pr\u00e9judice du droit d&rsquo;INTERMEZZO MEAT de tenir autrement le CLIENT responsable de tous les co\u00fbts et dommages, et sans pr\u00e9judice de tous les autres droits dont INTERMEZZO MEAT dispose envers le CLIENT dans le cadre de ce produit. ce cas.<\/p>\n\n\n\n<p>4.4&nbsp;&nbsp;INTERMEZZO MEAT est \u00e0 tout moment en droit d&rsquo;effectuer des livraisons partielles par INTERMEZZO MEAT et de facturer ces livraisons partielles s\u00e9par\u00e9ment.<\/p>\n\n\n\n<p>4.5&nbsp;&nbsp;INTERMEZZO MEAT a \u00e0 tout moment le droit de se faire (sorter)livrer par des tiers.<\/p>\n\n\n\n<p>Article 5 D\u00e9lais de livraison<\/p>\n\n\n\n<p>5.1&nbsp;Les d\u00e9lais de livraison convenus ou indiqu\u00e9s par INTERMEZZO MEAT sont purement indicatifs et ne peuvent en aucun cas \u00eatre consid\u00e9r\u00e9s comme des d\u00e9lais. Le simple d\u00e9passement du d\u00e9lai de livraison ne constitue donc pas un manquement de la part d&rsquo;INTERMEZZO MEAT et ne peut donc entra\u00eener aucune responsabilit\u00e9 pour dommages de la part d&rsquo;INTERMEZZO MEAT.<\/p>\n\n\n\n<p>5.2 Le Contrat ne peut \u00eatre r\u00e9sili\u00e9 pour d\u00e9passement du d\u00e9lai de livraison, \u00e0 moins qu&rsquo;INTERMEZZO MEAT ne livre pas dans un d\u00e9lai raisonnable sp\u00e9cifi\u00e9 par \u00e9crit par le CLIENT apr\u00e8s l&rsquo;expiration du d\u00e9lai de livraison. Le d\u00e9lai raisonnable vis\u00e9 \u00e0 la phrase pr\u00e9c\u00e9dente est d&rsquo;au moins deux semaines.<\/p>\n\n\n\n<p>Article 6 Tarifs<\/p>\n\n\n\n<p>6.1&nbsp;&nbsp;Les prix d&rsquo;INTERMEZZO MEAT sont en euros, sauf accord contraire, hors TVA et autres taxes. Les frais li\u00e9s au transport, aux droits d&rsquo;importation et d&rsquo;exportation, aux droits d&rsquo;accises et autres pr\u00e9l\u00e8vements ou taxes gouvernementales sont \u00e0 la charge du CLIENT, sauf accord \u00e9crit contraire.<\/p>\n\n\n\n<p>6.2&nbsp;&nbsp;Le CLIENT se verra facturer les prix indiqu\u00e9s dans l&rsquo;aper\u00e7u des prix ou l&rsquo;offre la plus r\u00e9cente \u00e9mise par INTERMEZZO MEAT au moment de la conclusion du Contrat.<\/p>\n\n\n\n<p>6.3 INTERMEZZO MEAT a le droit de r\u00e9percuter, en tout ou en partie, sur le CLIENT toute augmentation des prix \u00e0 l&rsquo;importation, des aides, des co\u00fbts de main-d&rsquo;\u0153uvre, des assurances, des taux de change et d&rsquo;autres facteurs de co\u00fbts pertinents pour le contrat qui surviennent apr\u00e8s qu&rsquo;une offre a \u00e9t\u00e9 faite. et\/ou un accord a \u00e9t\u00e9 conclu. Le CLIENT n&rsquo;a jamais droit \u00e0 une r\u00e9duction des montants \u00e0 payer par le CLIENT en cas de r\u00e9ductions des prix des importations, des ressources, des co\u00fbts de main-d&rsquo;\u0153uvre, des assurances, des taux de change et d&rsquo;autres facteurs de co\u00fbts pertinents pour le Contrat qui surviennent apr\u00e8s qu&rsquo;une offre a \u00e9t\u00e9 effectu\u00e9 et\/ou un accord a \u00e9t\u00e9 conclu.<\/p>\n\n\n\n<p>6.4&nbsp;&nbsp;Tous les co\u00fbts suppl\u00e9mentaires r\u00e9sultant de modifications du Contrat (y compris les modifications des marchandises \u00e0 livrer et des d\u00e9lais de livraison) seront toujours \u00e0 la charge du CLIENT, ind\u00e9pendamment du fait que ces co\u00fbts suppl\u00e9mentaires \u00e9taient connus et\/ou du moment o\u00f9 la modification a \u00e9t\u00e9 mise en \u0153uvre ou. ont \u00e9t\u00e9 port\u00e9s \u00e0 la connaissance du CLIENT.<\/p>\n\n\n\n<p>6.5&nbsp;&nbsp;Lors d&rsquo;une nouvelle commande de Biens identiques aux Biens livr\u00e9s (ou \u00e0 livrer) dans le cadre d&rsquo;un Contrat pr\u00e9c\u00e9dent, le CLIENT ne peut pas r\u00e9clamer la livraison de ces Biens aux prix indiqu\u00e9s dans ce Contrat pr\u00e9c\u00e9dent, sauf accord contraire expr\u00e8s par \u00e9crit.<\/p>\n\n\n\n<p>Article 7 Paiement<\/p>\n\n\n\n<p>7.1&nbsp;&nbsp;Sauf accord contraire expr\u00e8s par \u00e9crit, le paiement par le CLIENT doit \u00eatre effectu\u00e9 dans les (trente) 30&nbsp;jours suivant la date de facture sur (l&rsquo;un des) num\u00e9ro(s) de compte indiqu\u00e9(s) sur la facture.<\/p>\n\n\n\n<p>7.2&nbsp;&nbsp;Le paiement par le CLIENT doit \u00eatre effectu\u00e9 uniquement dans la devise dans laquelle les prix convenus sont exprim\u00e9s.<\/p>\n\n\n\n<p>7.3&nbsp;&nbsp;Le paiement par le CLIENT doit \u00eatre effectu\u00e9 sans escompte, d\u00e9duction, suspension ou toute forme de r\u00e8glement.<\/p>\n\n\n\n<p>7.4&nbsp;Une r\u00e9clamation concernant la facture doit \u00eatre signal\u00e9e \u00e0 INTERMEZZO MEAT par \u00e9crit, c&rsquo;est-\u00e0-dire par courrier recommand\u00e9 ou par e-mail, dans les huit (8) jours suivant la date de facture. Le CLIENT est alors r\u00e9put\u00e9 avoir accept\u00e9 la facture.<\/p>\n\n\n\n<p>7.5&nbsp; INTERMEZZO MEAT a toujours le droit de mettre en gage, ou du moins de c\u00e9der ou de transf\u00e9rer la propri\u00e9t\u00e9 de ses cr\u00e9ances contre le CLIENT en ce qui concerne l&rsquo;ex\u00e9cution du Contrat \u00e0 un ou plusieurs tiers.<\/p>\n\n\n\n<p>7.6&nbsp; INTERMEZZO MEAT peut d\u00e9cider de souscrire une assurance-cr\u00e9dit au nom du CLIENT. Si INTERMEZZO MEAT d\u00e9cide de le faire, le CLIENT est tenu de fournir toute sa coop\u00e9ration pour l&rsquo;\u00e9tablissement de l&rsquo;assurance-cr\u00e9dit. Cela inclut la fourniture d&rsquo;informations (financi\u00e8res) suppl\u00e9mentaires \u00e0 la demande d&rsquo;INTERMEZZO MEAT. Le Contrat ne sera conclu que si une assurance-cr\u00e9dit est accord\u00e9e \u00e0 INTERMEZZO MEAT. Si l&rsquo;assurance-cr\u00e9dit est refus\u00e9e ou n&rsquo;est pas enti\u00e8rement \u00e9mise, notamment parce que le CLIENT ne semble pas disposer d&rsquo;un cr\u00e9dit suffisant, INTERMEZZO MEAT et le CLIENT entreront en discussion pour conclure des accords diff\u00e9rents sur le mode de facturation, les d\u00e9lais de paiement et (\u00e9ventuellement) ) constituant la garantie vis\u00e9e \u00e0 l&rsquo;article 8 des pr\u00e9sentes Conditions G\u00e9n\u00e9rales de Vente.<\/p>\n\n\n\n<p>7.7&nbsp;&nbsp;Apr\u00e8s l&rsquo;expiration du d\u00e9lai de paiement vis\u00e9 \u00e0 l&rsquo;article 7.1, le CLIENT est juridiquement en d\u00e9faut, sans qu&rsquo;une autre mise en demeure ne soit n\u00e9cessaire. Le CLIENT est redevable des int\u00e9r\u00eats commerciaux l\u00e9gaux (tels que vis\u00e9s \u00e0 l&rsquo;article 6:119a du Code civil n\u00e9erlandais) \u00e0 partir du moment du d\u00e9faut jusqu&rsquo;au paiement int\u00e9gral du montant d\u00fb. Cela n&rsquo;affecte pas les autres droits dont INTERMEZZO MEAT dispose sur la base du Contrat, des pr\u00e9sentes Conditions G\u00e9n\u00e9rales de Vente et de la loi.<\/p>\n\n\n\n<p>7.8&nbsp;&nbsp;Tous les frais li\u00e9s au paiement (y compris la fourniture de s\u00e9curit\u00e9) seront \u00e0 la charge du CLIENT.<\/p>\n\n\n\n<p>7.9&nbsp;Le d\u00e9p\u00f4t d&rsquo;une r\u00e9clamation pour qualit\u00e9 d\u00e9fectueuse ou toute autre r\u00e9clamation ne suspend, ne modifie ou n&rsquo;annule pas l&rsquo;obligation de paiement et les autres obligations du CLIENT, que la r\u00e9clamation ou la r\u00e9clamation soit accept\u00e9e ou non par INTERMEZZO MEAT.<\/p>\n\n\n\n<p><\/p>\n","protected":false},"excerpt":{"rendered":"<p>Conditions g\u00e9n\u00e9rales de vente Intermezzo Viande Article 1. D\u00e9finitions Dans les pr\u00e9sentes conditions g\u00e9n\u00e9rales de vente, les d\u00e9finitions suivantes s&rsquo;appliquent : CLIENT : la personne \u00e0 qui INTERMEZZO MEAT fournit des marchandises et\/ou \u00e0 qui INTERMEZZO MEAT fournit des services ou qui en a convenu avec INTERMEZZO MEAT, ainsi que la personne qui a confi\u00e9 [&hellip;]<\/p>\n","protected":false},"author":3,"featured_media":0,"parent":0,"menu_order":0,"comment_status":"closed","ping_status":"closed","template":"","meta":{"_acf_changed":false,"footnotes":""},"class_list":["post-5480","page","type-page","status-publish","hentry"],"acf":[],"yoast_head":"<!-- This site is optimized with the Yoast SEO plugin v27.4 - https:\/\/yoast.com\/product\/yoast-seo-wordpress\/ -->\n<title>Conditions g\u00e9n\u00e9rales - Intermezzo Meat<\/title>\n<meta name=\"robots\" content=\"index, follow, max-snippet:-1, max-image-preview:large, max-video-preview:-1\" \/>\n<link rel=\"canonical\" href=\"https:\/\/intermezzomeat.com\/fr\/conditions-generales\/\" \/>\n<meta property=\"og:locale\" content=\"fr_FR\" \/>\n<meta property=\"og:type\" content=\"article\" \/>\n<meta property=\"og:title\" content=\"Conditions g\u00e9n\u00e9rales - Intermezzo Meat\" \/>\n<meta property=\"og:description\" content=\"Conditions g\u00e9n\u00e9rales de vente Intermezzo Viande Article 1. D\u00e9finitions Dans les pr\u00e9sentes conditions g\u00e9n\u00e9rales de vente, les d\u00e9finitions suivantes s&rsquo;appliquent : CLIENT : la personne \u00e0 qui INTERMEZZO MEAT fournit des marchandises et\/ou \u00e0 qui INTERMEZZO MEAT fournit des services ou qui en a convenu avec INTERMEZZO MEAT, ainsi que la personne qui a confi\u00e9 [&hellip;]\" \/>\n<meta property=\"og:url\" content=\"https:\/\/intermezzomeat.com\/fr\/conditions-generales\/\" \/>\n<meta property=\"og:site_name\" content=\"Intermezzo Meat\" \/>\n<meta property=\"article:publisher\" content=\"https:\/\/www.facebook.com\/intermezzomeat\" \/>\n<meta property=\"article:modified_time\" content=\"2024-09-12T07:09:09+00:00\" \/>\n<meta name=\"twitter:card\" content=\"summary_large_image\" \/>\n<meta name=\"twitter:label1\" content=\"Dur\u00e9e de lecture estim\u00e9e\" \/>\n\t<meta name=\"twitter:data1\" content=\"10 minutes\" \/>\n<script type=\"application\/ld+json\" class=\"yoast-schema-graph\">{\"@context\":\"https:\\\/\\\/schema.org\",\"@graph\":[{\"@type\":\"WebPage\",\"@id\":\"https:\\\/\\\/intermezzomeat.com\\\/fr\\\/conditions-generales\\\/\",\"url\":\"https:\\\/\\\/intermezzomeat.com\\\/fr\\\/conditions-generales\\\/\",\"name\":\"Conditions g\u00e9n\u00e9rales - Intermezzo Meat\",\"isPartOf\":{\"@id\":\"https:\\\/\\\/intermezzomeat.com\\\/fr\\\/#website\"},\"datePublished\":\"2023-10-06T09:26:06+00:00\",\"dateModified\":\"2024-09-12T07:09:09+00:00\",\"breadcrumb\":{\"@id\":\"https:\\\/\\\/intermezzomeat.com\\\/fr\\\/conditions-generales\\\/#breadcrumb\"},\"inLanguage\":\"fr-FR\",\"potentialAction\":[{\"@type\":\"ReadAction\",\"target\":[\"https:\\\/\\\/intermezzomeat.com\\\/fr\\\/conditions-generales\\\/\"]}]},{\"@type\":\"BreadcrumbList\",\"@id\":\"https:\\\/\\\/intermezzomeat.com\\\/fr\\\/conditions-generales\\\/#breadcrumb\",\"itemListElement\":[{\"@type\":\"ListItem\",\"position\":1,\"name\":\"Home\",\"item\":\"https:\\\/\\\/intermezzomeat.com\\\/fr\\\/\"},{\"@type\":\"ListItem\",\"position\":2,\"name\":\"Conditions g\u00e9n\u00e9rales\"}]},{\"@type\":\"WebSite\",\"@id\":\"https:\\\/\\\/intermezzomeat.com\\\/fr\\\/#website\",\"url\":\"https:\\\/\\\/intermezzomeat.com\\\/fr\\\/\",\"name\":\"Intermezzo Meat\",\"description\":\"Specialist in convenience producten voor de horeca en foodservices.\",\"potentialAction\":[{\"@type\":\"SearchAction\",\"target\":{\"@type\":\"EntryPoint\",\"urlTemplate\":\"https:\\\/\\\/intermezzomeat.com\\\/fr\\\/?s={search_term_string}\"},\"query-input\":{\"@type\":\"PropertyValueSpecification\",\"valueRequired\":true,\"valueName\":\"search_term_string\"}}],\"inLanguage\":\"fr-FR\"}]}<\/script>\n<!-- \/ Yoast SEO plugin. -->","yoast_head_json":{"title":"Conditions g\u00e9n\u00e9rales - Intermezzo Meat","robots":{"index":"index","follow":"follow","max-snippet":"max-snippet:-1","max-image-preview":"max-image-preview:large","max-video-preview":"max-video-preview:-1"},"canonical":"https:\/\/intermezzomeat.com\/fr\/conditions-generales\/","og_locale":"fr_FR","og_type":"article","og_title":"Conditions g\u00e9n\u00e9rales - Intermezzo Meat","og_description":"Conditions g\u00e9n\u00e9rales de vente Intermezzo Viande Article 1. D\u00e9finitions Dans les pr\u00e9sentes conditions g\u00e9n\u00e9rales de vente, les d\u00e9finitions suivantes s&rsquo;appliquent : CLIENT : la personne \u00e0 qui INTERMEZZO MEAT fournit des marchandises et\/ou \u00e0 qui INTERMEZZO MEAT fournit des services ou qui en a convenu avec INTERMEZZO MEAT, ainsi que la personne qui a confi\u00e9 [&hellip;]","og_url":"https:\/\/intermezzomeat.com\/fr\/conditions-generales\/","og_site_name":"Intermezzo Meat","article_publisher":"https:\/\/www.facebook.com\/intermezzomeat","article_modified_time":"2024-09-12T07:09:09+00:00","twitter_card":"summary_large_image","twitter_misc":{"Dur\u00e9e de lecture estim\u00e9e":"10 minutes"},"schema":{"@context":"https:\/\/schema.org","@graph":[{"@type":"WebPage","@id":"https:\/\/intermezzomeat.com\/fr\/conditions-generales\/","url":"https:\/\/intermezzomeat.com\/fr\/conditions-generales\/","name":"Conditions g\u00e9n\u00e9rales - Intermezzo Meat","isPartOf":{"@id":"https:\/\/intermezzomeat.com\/fr\/#website"},"datePublished":"2023-10-06T09:26:06+00:00","dateModified":"2024-09-12T07:09:09+00:00","breadcrumb":{"@id":"https:\/\/intermezzomeat.com\/fr\/conditions-generales\/#breadcrumb"},"inLanguage":"fr-FR","potentialAction":[{"@type":"ReadAction","target":["https:\/\/intermezzomeat.com\/fr\/conditions-generales\/"]}]},{"@type":"BreadcrumbList","@id":"https:\/\/intermezzomeat.com\/fr\/conditions-generales\/#breadcrumb","itemListElement":[{"@type":"ListItem","position":1,"name":"Home","item":"https:\/\/intermezzomeat.com\/fr\/"},{"@type":"ListItem","position":2,"name":"Conditions g\u00e9n\u00e9rales"}]},{"@type":"WebSite","@id":"https:\/\/intermezzomeat.com\/fr\/#website","url":"https:\/\/intermezzomeat.com\/fr\/","name":"Intermezzo Meat","description":"Specialist in convenience producten voor de horeca en foodservices.","potentialAction":[{"@type":"SearchAction","target":{"@type":"EntryPoint","urlTemplate":"https:\/\/intermezzomeat.com\/fr\/?s={search_term_string}"},"query-input":{"@type":"PropertyValueSpecification","valueRequired":true,"valueName":"search_term_string"}}],"inLanguage":"fr-FR"}]}},"_links":{"self":[{"href":"https:\/\/intermezzomeat.com\/fr\/wp-json\/wp\/v2\/pages\/5480","targetHints":{"allow":["GET"]}}],"collection":[{"href":"https:\/\/intermezzomeat.com\/fr\/wp-json\/wp\/v2\/pages"}],"about":[{"href":"https:\/\/intermezzomeat.com\/fr\/wp-json\/wp\/v2\/types\/page"}],"author":[{"embeddable":true,"href":"https:\/\/intermezzomeat.com\/fr\/wp-json\/wp\/v2\/users\/3"}],"replies":[{"embeddable":true,"href":"https:\/\/intermezzomeat.com\/fr\/wp-json\/wp\/v2\/comments?post=5480"}],"version-history":[{"count":1,"href":"https:\/\/intermezzomeat.com\/fr\/wp-json\/wp\/v2\/pages\/5480\/revisions"}],"predecessor-version":[{"id":5481,"href":"https:\/\/intermezzomeat.com\/fr\/wp-json\/wp\/v2\/pages\/5480\/revisions\/5481"}],"wp:attachment":[{"href":"https:\/\/intermezzomeat.com\/fr\/wp-json\/wp\/v2\/media?parent=5480"}],"curies":[{"name":"wp","href":"https:\/\/api.w.org\/{rel}","templated":true}]}}