{"id":5291,"date":"2023-01-13T11:11:16","date_gmt":"2023-01-13T10:11:16","guid":{"rendered":"https:\/\/intermezzomeat.com\/?page_id=5291"},"modified":"2025-11-26T13:22:43","modified_gmt":"2025-11-26T12:22:43","slug":"qualite","status":"publish","type":"page","link":"https:\/\/intermezzomeat.com\/fr\/qualite\/","title":{"rendered":"Qualit\u00e9"},"content":{"rendered":"","protected":false},"excerpt":{"rendered":"","protected":false},"author":3,"featured_media":0,"parent":0,"menu_order":0,"comment_status":"closed","ping_status":"closed","template":"page-kwaliteit.php","meta":{"_acf_changed":false,"footnotes":""},"class_list":["post-5291","page","type-page","status-publish","hentry"],"acf":[],"yoast_head":"<!-- This site is optimized with the Yoast SEO plugin v27.3 - https:\/\/yoast.com\/product\/yoast-seo-wordpress\/ -->\n<title>Qualit\u00e9 - Intermezzo Meat<\/title>\n<meta name=\"description\" content=\"Intermezzo Meat est synonyme de qualit\u00e9. Pour garantir cette qualit\u00e9, nous recevons quotidiennement nos mati\u00e8res premi\u00e8res de viande fra\u00eeche directement d&#039;abattoirs certifi\u00e9s.\" \/>\n<meta name=\"robots\" content=\"index, follow, max-snippet:-1, max-image-preview:large, max-video-preview:-1\" \/>\n<link rel=\"canonical\" href=\"https:\/\/intermezzomeat.com\/fr\/qualite\/\" \/>\n<meta property=\"og:locale\" content=\"fr_FR\" \/>\n<meta property=\"og:type\" content=\"article\" \/>\n<meta property=\"og:title\" content=\"Qualit\u00e9 - Intermezzo Meat\" \/>\n<meta property=\"og:description\" content=\"Intermezzo Meat est synonyme de qualit\u00e9. Pour garantir cette qualit\u00e9, nous recevons quotidiennement nos mati\u00e8res premi\u00e8res de viande fra\u00eeche directement d&#039;abattoirs certifi\u00e9s.\" \/>\n<meta property=\"og:url\" content=\"https:\/\/intermezzomeat.com\/fr\/qualite\/\" \/>\n<meta property=\"og:site_name\" content=\"Intermezzo Meat\" \/>\n<meta property=\"article:publisher\" content=\"https:\/\/www.facebook.com\/intermezzomeat\" \/>\n<meta property=\"article:modified_time\" content=\"2025-11-26T12:22:43+00:00\" \/>\n<meta name=\"twitter:card\" content=\"summary_large_image\" \/>\n<meta name=\"twitter:label1\" content=\"Dur\u00e9e de lecture estim\u00e9e\" \/>\n\t<meta name=\"twitter:data1\" content=\"1 minute\" \/>\n<script type=\"application\/ld+json\" class=\"yoast-schema-graph\">{\"@context\":\"https:\\\/\\\/schema.org\",\"@graph\":[{\"@type\":\"WebPage\",\"@id\":\"https:\\\/\\\/intermezzomeat.com\\\/fr\\\/qualite\\\/\",\"url\":\"https:\\\/\\\/intermezzomeat.com\\\/fr\\\/qualite\\\/\",\"name\":\"Qualit\u00e9 - Intermezzo Meat\",\"isPartOf\":{\"@id\":\"https:\\\/\\\/intermezzomeat.com\\\/fr\\\/#website\"},\"datePublished\":\"2023-01-13T10:11:16+00:00\",\"dateModified\":\"2025-11-26T12:22:43+00:00\",\"description\":\"Intermezzo Meat est synonyme de qualit\u00e9. Pour garantir cette qualit\u00e9, nous recevons quotidiennement nos mati\u00e8res premi\u00e8res de viande fra\u00eeche directement d'abattoirs certifi\u00e9s.\",\"breadcrumb\":{\"@id\":\"https:\\\/\\\/intermezzomeat.com\\\/fr\\\/qualite\\\/#breadcrumb\"},\"inLanguage\":\"fr-FR\",\"potentialAction\":[{\"@type\":\"ReadAction\",\"target\":[\"https:\\\/\\\/intermezzomeat.com\\\/fr\\\/qualite\\\/\"]}]},{\"@type\":\"BreadcrumbList\",\"@id\":\"https:\\\/\\\/intermezzomeat.com\\\/fr\\\/qualite\\\/#breadcrumb\",\"itemListElement\":[{\"@type\":\"ListItem\",\"position\":1,\"name\":\"Home\",\"item\":\"https:\\\/\\\/intermezzomeat.com\\\/fr\\\/\"},{\"@type\":\"ListItem\",\"position\":2,\"name\":\"Qualit\u00e9\"}]},{\"@type\":\"WebSite\",\"@id\":\"https:\\\/\\\/intermezzomeat.com\\\/fr\\\/#website\",\"url\":\"https:\\\/\\\/intermezzomeat.com\\\/fr\\\/\",\"name\":\"Intermezzo Meat\",\"description\":\"Specialist in convenience producten voor de horeca en foodservices.\",\"potentialAction\":[{\"@type\":\"SearchAction\",\"target\":{\"@type\":\"EntryPoint\",\"urlTemplate\":\"https:\\\/\\\/intermezzomeat.com\\\/fr\\\/?s={search_term_string}\"},\"query-input\":{\"@type\":\"PropertyValueSpecification\",\"valueRequired\":true,\"valueName\":\"search_term_string\"}}],\"inLanguage\":\"fr-FR\"}]}<\/script>\n<!-- \/ Yoast SEO plugin. -->","yoast_head_json":{"title":"Qualit\u00e9 - Intermezzo Meat","description":"Intermezzo Meat est synonyme de qualit\u00e9. Pour garantir cette qualit\u00e9, nous recevons quotidiennement nos mati\u00e8res premi\u00e8res de viande fra\u00eeche directement d'abattoirs certifi\u00e9s.","robots":{"index":"index","follow":"follow","max-snippet":"max-snippet:-1","max-image-preview":"max-image-preview:large","max-video-preview":"max-video-preview:-1"},"canonical":"https:\/\/intermezzomeat.com\/fr\/qualite\/","og_locale":"fr_FR","og_type":"article","og_title":"Qualit\u00e9 - Intermezzo Meat","og_description":"Intermezzo Meat est synonyme de qualit\u00e9. Pour garantir cette qualit\u00e9, nous recevons quotidiennement nos mati\u00e8res premi\u00e8res de viande fra\u00eeche directement d'abattoirs certifi\u00e9s.","og_url":"https:\/\/intermezzomeat.com\/fr\/qualite\/","og_site_name":"Intermezzo Meat","article_publisher":"https:\/\/www.facebook.com\/intermezzomeat","article_modified_time":"2025-11-26T12:22:43+00:00","twitter_card":"summary_large_image","twitter_misc":{"Dur\u00e9e de lecture estim\u00e9e":"1 minute"},"schema":{"@context":"https:\/\/schema.org","@graph":[{"@type":"WebPage","@id":"https:\/\/intermezzomeat.com\/fr\/qualite\/","url":"https:\/\/intermezzomeat.com\/fr\/qualite\/","name":"Qualit\u00e9 - Intermezzo Meat","isPartOf":{"@id":"https:\/\/intermezzomeat.com\/fr\/#website"},"datePublished":"2023-01-13T10:11:16+00:00","dateModified":"2025-11-26T12:22:43+00:00","description":"Intermezzo Meat est synonyme de qualit\u00e9. Pour garantir cette qualit\u00e9, nous recevons quotidiennement nos mati\u00e8res premi\u00e8res de viande fra\u00eeche directement d'abattoirs certifi\u00e9s.","breadcrumb":{"@id":"https:\/\/intermezzomeat.com\/fr\/qualite\/#breadcrumb"},"inLanguage":"fr-FR","potentialAction":[{"@type":"ReadAction","target":["https:\/\/intermezzomeat.com\/fr\/qualite\/"]}]},{"@type":"BreadcrumbList","@id":"https:\/\/intermezzomeat.com\/fr\/qualite\/#breadcrumb","itemListElement":[{"@type":"ListItem","position":1,"name":"Home","item":"https:\/\/intermezzomeat.com\/fr\/"},{"@type":"ListItem","position":2,"name":"Qualit\u00e9"}]},{"@type":"WebSite","@id":"https:\/\/intermezzomeat.com\/fr\/#website","url":"https:\/\/intermezzomeat.com\/fr\/","name":"Intermezzo Meat","description":"Specialist in convenience producten voor de horeca en foodservices.","potentialAction":[{"@type":"SearchAction","target":{"@type":"EntryPoint","urlTemplate":"https:\/\/intermezzomeat.com\/fr\/?s={search_term_string}"},"query-input":{"@type":"PropertyValueSpecification","valueRequired":true,"valueName":"search_term_string"}}],"inLanguage":"fr-FR"}]}},"_links":{"self":[{"href":"https:\/\/intermezzomeat.com\/fr\/wp-json\/wp\/v2\/pages\/5291","targetHints":{"allow":["GET"]}}],"collection":[{"href":"https:\/\/intermezzomeat.com\/fr\/wp-json\/wp\/v2\/pages"}],"about":[{"href":"https:\/\/intermezzomeat.com\/fr\/wp-json\/wp\/v2\/types\/page"}],"author":[{"embeddable":true,"href":"https:\/\/intermezzomeat.com\/fr\/wp-json\/wp\/v2\/users\/3"}],"replies":[{"embeddable":true,"href":"https:\/\/intermezzomeat.com\/fr\/wp-json\/wp\/v2\/comments?post=5291"}],"version-history":[{"count":12,"href":"https:\/\/intermezzomeat.com\/fr\/wp-json\/wp\/v2\/pages\/5291\/revisions"}],"predecessor-version":[{"id":9073,"href":"https:\/\/intermezzomeat.com\/fr\/wp-json\/wp\/v2\/pages\/5291\/revisions\/9073"}],"wp:attachment":[{"href":"https:\/\/intermezzomeat.com\/fr\/wp-json\/wp\/v2\/media?parent=5291"}],"curies":[{"name":"wp","href":"https:\/\/api.w.org\/{rel}","templated":true}]}}