{"id":5283,"date":"2023-01-13T11:11:24","date_gmt":"2023-01-13T10:11:24","guid":{"rendered":"https:\/\/intermezzomeat.com\/?page_id=5283"},"modified":"2024-09-13T09:02:31","modified_gmt":"2024-09-13T07:02:31","slug":"contact","status":"publish","type":"page","link":"https:\/\/intermezzomeat.com\/fr\/contact\/","title":{"rendered":"Contact"},"content":{"rendered":"\n<div class=\"wpcf7 no-js\" id=\"wpcf7-f5568-o1\" lang=\"fr-FR\" dir=\"ltr\" data-wpcf7-id=\"5568\">\n<div class=\"screen-reader-response\"><p role=\"status\" aria-live=\"polite\" aria-atomic=\"true\"><\/p> <ul><\/ul><\/div>\n<form action=\"\/fr\/wp-json\/wp\/v2\/pages\/5283#wpcf7-f5568-o1\" method=\"post\" class=\"wpcf7-form init\" aria-label=\"Formulaire de contact\" novalidate=\"novalidate\" data-status=\"init\">\n<fieldset class=\"hidden-fields-container\"><input type=\"hidden\" name=\"_wpcf7\" value=\"5568\" \/><input type=\"hidden\" name=\"_wpcf7_version\" value=\"6.1.5\" \/><input type=\"hidden\" name=\"_wpcf7_locale\" value=\"fr_FR\" \/><input type=\"hidden\" name=\"_wpcf7_unit_tag\" value=\"wpcf7-f5568-o1\" \/><input type=\"hidden\" name=\"_wpcf7_container_post\" value=\"0\" \/><input type=\"hidden\" name=\"_wpcf7_posted_data_hash\" value=\"\" \/>\n<\/fieldset>\n<div class=\"wpcf7-response-output\" aria-hidden=\"true\"><\/div>\n\n<div class=\"input-field\">\n    <label>Nom<em>*<\/em><\/label>\n    <span class=\"wpcf7-form-control-wrap\" data-name=\"naam\"><input size=\"40\" maxlength=\"400\" class=\"wpcf7-form-control wpcf7-text wpcf7-validates-as-required\" aria-required=\"true\" aria-invalid=\"false\" value=\"\" type=\"text\" name=\"naam\" \/><\/span>\n<\/div>\n\n<span id=\"wpcf7-69e2073e10a38-wrapper\" class=\"wpcf7-form-control-wrap last-name-wrap\" ><label for=\"wpcf7-69e2073e10a38-field\" class=\"hp-message\">Veuillez laisser ce champ vide.<\/label><input id=\"wpcf7-69e2073e10a38-field\"  class=\"wpcf7-form-control wpcf7-text\" type=\"text\" name=\"last-name\" value=\"\" size=\"40\" tabindex=\"-1\" autocomplete=\"off\" \/><\/span>\n\n<div class=\"input-field half\">\n    <label>Adresse email<em>*<\/em><\/label>\n    <span class=\"wpcf7-form-control-wrap\" data-name=\"e-mailadres\"><input size=\"40\" maxlength=\"400\" class=\"wpcf7-form-control wpcf7-email wpcf7-validates-as-required wpcf7-text wpcf7-validates-as-email\" aria-required=\"true\" aria-invalid=\"false\" value=\"\" type=\"email\" name=\"e-mailadres\" \/><\/span>\n<\/div>\n\n<span id=\"wpcf7-69e2073e10af8-wrapper\" class=\"wpcf7-form-control-wrap emailaddress-wrap\" ><label for=\"wpcf7-69e2073e10af8-field\" class=\"hp-message\">Veuillez laisser ce champ vide.<\/label><input id=\"wpcf7-69e2073e10af8-field\"  class=\"wpcf7-form-control wpcf7-text\" type=\"text\" name=\"emailaddress\" value=\"\" size=\"40\" tabindex=\"-1\" autocomplete=\"off\" \/><\/span>\n\n<div class=\"input-field half\">\n    <label>Num\u00e9ro de t\u00e9l\u00e9phone<\/label>\n    <span class=\"wpcf7-form-control-wrap\" data-name=\"telefoonnummer\"><input size=\"40\" maxlength=\"400\" class=\"wpcf7-form-control wpcf7-text\" aria-invalid=\"false\" value=\"\" type=\"text\" name=\"telefoonnummer\" \/><\/span>\n<\/div>\n\n<span id=\"wpcf7-69e2073e10b71-wrapper\" class=\"wpcf7-form-control-wrap telephone-wrap\" ><label for=\"wpcf7-69e2073e10b71-field\" class=\"hp-message\">Veuillez laisser ce champ vide.<\/label><input id=\"wpcf7-69e2073e10b71-field\"  class=\"wpcf7-form-control wpcf7-text\" type=\"text\" name=\"telephone\" value=\"\" size=\"40\" tabindex=\"-1\" autocomplete=\"off\" \/><\/span>\n\n<div class=\"input-field\">\n    <label>Nom de l'entreprise<\/label>\n    <span class=\"wpcf7-form-control-wrap\" data-name=\"bedrijfsnaam\"><input size=\"40\" maxlength=\"400\" class=\"wpcf7-form-control wpcf7-text\" aria-invalid=\"false\" value=\"\" type=\"text\" name=\"bedrijfsnaam\" \/><\/span>\n<\/div>\n\n<span id=\"wpcf7-69e2073e10be8-wrapper\" class=\"wpcf7-form-control-wrap company-wrap\" ><label for=\"wpcf7-69e2073e10be8-field\" class=\"hp-message\">Veuillez laisser ce champ vide.<\/label><input id=\"wpcf7-69e2073e10be8-field\"  class=\"wpcf7-form-control wpcf7-text\" type=\"text\" name=\"company\" value=\"\" size=\"40\" tabindex=\"-1\" autocomplete=\"off\" \/><\/span>\n\n<div class=\"input-field\">\n    <label>Message<em>*<\/em><\/label>\n    <span class=\"wpcf7-form-control-wrap\" data-name=\"bericht\"><textarea cols=\"40\" rows=\"10\" maxlength=\"2000\" class=\"wpcf7-form-control wpcf7-textarea wpcf7-validates-as-required\" aria-required=\"true\" aria-invalid=\"false\" name=\"bericht\"><\/textarea><\/span>\n<\/div>\n\n<span id=\"wpcf7-69e2073e10c6b-wrapper\" class=\"wpcf7-form-control-wrap message-wrap\" ><label for=\"wpcf7-69e2073e10c6b-field\" class=\"hp-message\">Veuillez laisser ce champ vide.<\/label><input id=\"wpcf7-69e2073e10c6b-field\"  class=\"wpcf7-form-control wpcf7-text\" type=\"text\" name=\"message\" value=\"\" size=\"40\" tabindex=\"-1\" autocomplete=\"off\" \/><\/span>\n\n<div class=\"submit-container\">\n    <div class=\"submit\">\n        <input class=\"wpcf7-form-control wpcf7-submit has-spinner\" type=\"submit\" value=\"Envoyer\" \/>\n    <\/div>\n<\/div>\n<\/form>\n<\/div>\n\n","protected":false},"excerpt":{"rendered":"","protected":false},"author":3,"featured_media":5285,"parent":0,"menu_order":0,"comment_status":"closed","ping_status":"closed","template":"page-contact.php","meta":{"_acf_changed":false,"footnotes":""},"class_list":["post-5283","page","type-page","status-publish","has-post-thumbnail","hentry"],"acf":[],"yoast_head":"<!-- This site is optimized with the Yoast SEO plugin v27.3 - https:\/\/yoast.com\/product\/yoast-seo-wordpress\/ -->\n<title>Contact - Intermezzo Meat<\/title>\n<meta name=\"robots\" content=\"index, follow, max-snippet:-1, max-image-preview:large, max-video-preview:-1\" \/>\n<link rel=\"canonical\" href=\"https:\/\/intermezzomeat.com\/fr\/contact\/\" \/>\n<meta property=\"og:locale\" content=\"fr_FR\" \/>\n<meta property=\"og:type\" content=\"article\" \/>\n<meta property=\"og:title\" content=\"Contact - Intermezzo Meat\" \/>\n<meta property=\"og:url\" content=\"https:\/\/intermezzomeat.com\/fr\/contact\/\" \/>\n<meta property=\"og:site_name\" content=\"Intermezzo Meat\" \/>\n<meta property=\"article:publisher\" content=\"https:\/\/www.facebook.com\/intermezzomeat\" \/>\n<meta property=\"article:modified_time\" content=\"2024-09-13T07:02:31+00:00\" \/>\n<meta property=\"og:image\" content=\"https:\/\/intermezzomeat.com\/files\/uploads\/IntermezzoMeat-Productie-22F-scaled.jpg\" \/>\n\t<meta property=\"og:image:width\" content=\"2560\" \/>\n\t<meta property=\"og:image:height\" content=\"1707\" \/>\n\t<meta property=\"og:image:type\" content=\"image\/jpeg\" \/>\n<meta name=\"twitter:card\" content=\"summary_large_image\" \/>\n<meta name=\"twitter:label1\" content=\"Dur\u00e9e de lecture estim\u00e9e\" \/>\n\t<meta name=\"twitter:data1\" content=\"1 minute\" \/>\n<script type=\"application\/ld+json\" class=\"yoast-schema-graph\">{\"@context\":\"https:\\\/\\\/schema.org\",\"@graph\":[{\"@type\":\"WebPage\",\"@id\":\"https:\\\/\\\/intermezzomeat.com\\\/fr\\\/contact\\\/\",\"url\":\"https:\\\/\\\/intermezzomeat.com\\\/fr\\\/contact\\\/\",\"name\":\"Contact - Intermezzo Meat\",\"isPartOf\":{\"@id\":\"https:\\\/\\\/intermezzomeat.com\\\/fr\\\/#website\"},\"primaryImageOfPage\":{\"@id\":\"https:\\\/\\\/intermezzomeat.com\\\/fr\\\/contact\\\/#primaryimage\"},\"image\":{\"@id\":\"https:\\\/\\\/intermezzomeat.com\\\/fr\\\/contact\\\/#primaryimage\"},\"thumbnailUrl\":\"https:\\\/\\\/intermezzomeat.com\\\/files\\\/uploads\\\/IntermezzoMeat-Productie-22F-scaled.jpg\",\"datePublished\":\"2023-01-13T10:11:24+00:00\",\"dateModified\":\"2024-09-13T07:02:31+00:00\",\"breadcrumb\":{\"@id\":\"https:\\\/\\\/intermezzomeat.com\\\/fr\\\/contact\\\/#breadcrumb\"},\"inLanguage\":\"fr-FR\",\"potentialAction\":[{\"@type\":\"ReadAction\",\"target\":[\"https:\\\/\\\/intermezzomeat.com\\\/fr\\\/contact\\\/\"]}]},{\"@type\":\"ImageObject\",\"inLanguage\":\"fr-FR\",\"@id\":\"https:\\\/\\\/intermezzomeat.com\\\/fr\\\/contact\\\/#primaryimage\",\"url\":\"https:\\\/\\\/intermezzomeat.com\\\/files\\\/uploads\\\/IntermezzoMeat-Productie-22F-scaled.jpg\",\"contentUrl\":\"https:\\\/\\\/intermezzomeat.com\\\/files\\\/uploads\\\/IntermezzoMeat-Productie-22F-scaled.jpg\",\"width\":\"2560\",\"height\":\"1707\"},{\"@type\":\"BreadcrumbList\",\"@id\":\"https:\\\/\\\/intermezzomeat.com\\\/fr\\\/contact\\\/#breadcrumb\",\"itemListElement\":[{\"@type\":\"ListItem\",\"position\":1,\"name\":\"Home\",\"item\":\"https:\\\/\\\/intermezzomeat.com\\\/fr\\\/\"},{\"@type\":\"ListItem\",\"position\":2,\"name\":\"Contact\"}]},{\"@type\":\"WebSite\",\"@id\":\"https:\\\/\\\/intermezzomeat.com\\\/fr\\\/#website\",\"url\":\"https:\\\/\\\/intermezzomeat.com\\\/fr\\\/\",\"name\":\"Intermezzo Meat\",\"description\":\"Specialist in convenience producten voor de horeca en foodservices.\",\"potentialAction\":[{\"@type\":\"SearchAction\",\"target\":{\"@type\":\"EntryPoint\",\"urlTemplate\":\"https:\\\/\\\/intermezzomeat.com\\\/fr\\\/?s={search_term_string}\"},\"query-input\":{\"@type\":\"PropertyValueSpecification\",\"valueRequired\":true,\"valueName\":\"search_term_string\"}}],\"inLanguage\":\"fr-FR\"}]}<\/script>\n<!-- \/ Yoast SEO plugin. -->","yoast_head_json":{"title":"Contact - Intermezzo Meat","robots":{"index":"index","follow":"follow","max-snippet":"max-snippet:-1","max-image-preview":"max-image-preview:large","max-video-preview":"max-video-preview:-1"},"canonical":"https:\/\/intermezzomeat.com\/fr\/contact\/","og_locale":"fr_FR","og_type":"article","og_title":"Contact - Intermezzo Meat","og_url":"https:\/\/intermezzomeat.com\/fr\/contact\/","og_site_name":"Intermezzo Meat","article_publisher":"https:\/\/www.facebook.com\/intermezzomeat","article_modified_time":"2024-09-13T07:02:31+00:00","og_image":[{"width":2560,"height":1707,"url":"https:\/\/intermezzomeat.com\/files\/uploads\/IntermezzoMeat-Productie-22F-scaled.jpg","type":"image\/jpeg"}],"twitter_card":"summary_large_image","twitter_misc":{"Dur\u00e9e de lecture estim\u00e9e":"1 minute"},"schema":{"@context":"https:\/\/schema.org","@graph":[{"@type":"WebPage","@id":"https:\/\/intermezzomeat.com\/fr\/contact\/","url":"https:\/\/intermezzomeat.com\/fr\/contact\/","name":"Contact - Intermezzo Meat","isPartOf":{"@id":"https:\/\/intermezzomeat.com\/fr\/#website"},"primaryImageOfPage":{"@id":"https:\/\/intermezzomeat.com\/fr\/contact\/#primaryimage"},"image":{"@id":"https:\/\/intermezzomeat.com\/fr\/contact\/#primaryimage"},"thumbnailUrl":"https:\/\/intermezzomeat.com\/files\/uploads\/IntermezzoMeat-Productie-22F-scaled.jpg","datePublished":"2023-01-13T10:11:24+00:00","dateModified":"2024-09-13T07:02:31+00:00","breadcrumb":{"@id":"https:\/\/intermezzomeat.com\/fr\/contact\/#breadcrumb"},"inLanguage":"fr-FR","potentialAction":[{"@type":"ReadAction","target":["https:\/\/intermezzomeat.com\/fr\/contact\/"]}]},{"@type":"ImageObject","inLanguage":"fr-FR","@id":"https:\/\/intermezzomeat.com\/fr\/contact\/#primaryimage","url":"https:\/\/intermezzomeat.com\/files\/uploads\/IntermezzoMeat-Productie-22F-scaled.jpg","contentUrl":"https:\/\/intermezzomeat.com\/files\/uploads\/IntermezzoMeat-Productie-22F-scaled.jpg","width":"2560","height":"1707"},{"@type":"BreadcrumbList","@id":"https:\/\/intermezzomeat.com\/fr\/contact\/#breadcrumb","itemListElement":[{"@type":"ListItem","position":1,"name":"Home","item":"https:\/\/intermezzomeat.com\/fr\/"},{"@type":"ListItem","position":2,"name":"Contact"}]},{"@type":"WebSite","@id":"https:\/\/intermezzomeat.com\/fr\/#website","url":"https:\/\/intermezzomeat.com\/fr\/","name":"Intermezzo Meat","description":"Specialist in convenience producten voor de horeca en foodservices.","potentialAction":[{"@type":"SearchAction","target":{"@type":"EntryPoint","urlTemplate":"https:\/\/intermezzomeat.com\/fr\/?s={search_term_string}"},"query-input":{"@type":"PropertyValueSpecification","valueRequired":true,"valueName":"search_term_string"}}],"inLanguage":"fr-FR"}]}},"_links":{"self":[{"href":"https:\/\/intermezzomeat.com\/fr\/wp-json\/wp\/v2\/pages\/5283","targetHints":{"allow":["GET"]}}],"collection":[{"href":"https:\/\/intermezzomeat.com\/fr\/wp-json\/wp\/v2\/pages"}],"about":[{"href":"https:\/\/intermezzomeat.com\/fr\/wp-json\/wp\/v2\/types\/page"}],"author":[{"embeddable":true,"href":"https:\/\/intermezzomeat.com\/fr\/wp-json\/wp\/v2\/users\/3"}],"replies":[{"embeddable":true,"href":"https:\/\/intermezzomeat.com\/fr\/wp-json\/wp\/v2\/comments?post=5283"}],"version-history":[{"count":2,"href":"https:\/\/intermezzomeat.com\/fr\/wp-json\/wp\/v2\/pages\/5283\/revisions"}],"predecessor-version":[{"id":5569,"href":"https:\/\/intermezzomeat.com\/fr\/wp-json\/wp\/v2\/pages\/5283\/revisions\/5569"}],"wp:featuredmedia":[{"embeddable":true,"href":"https:\/\/intermezzomeat.com\/fr\/wp-json\/wp\/v2\/media\/5285"}],"wp:attachment":[{"href":"https:\/\/intermezzomeat.com\/fr\/wp-json\/wp\/v2\/media?parent=5283"}],"curies":[{"name":"wp","href":"https:\/\/api.w.org\/{rel}","templated":true}]}}