{"id":1441,"date":"2022-11-14T17:03:19","date_gmt":"2022-11-14T16:03:19","guid":{"rendered":"https:\/\/intermezzomeat.com\/?page_id=1441"},"modified":"2023-10-06T11:23:42","modified_gmt":"2023-10-06T09:23:42","slug":"datenschutzrichtlinie","status":"publish","type":"page","link":"https:\/\/intermezzomeat.com\/de\/datenschutzrichtlinie\/","title":{"rendered":"Datenschutzrichtlinie"},"content":{"rendered":"\n<p>Intermezzo Meat B.V. mit Sitz in Oonksweg 38B, 7622 AW Borne ist f\u00fcr die Verarbeitung personenbezogener Daten gem\u00e4\u00df dieser Datenschutzerkl\u00e4rung verantwortlich.<\/p>\n\n\n\n<p>Kontaktdetails:<br>https:\/\/www.intermezzomeat.com Oonksweg 38B, 7622 AW Borne +31 (0)53 478 90 41<\/p>\n\n\n\n<p>Timo Kleinhout ist der Datenschutzbeauftragte von Intermezzo Meat B.V. Er kann \u00fcber timo@studioneonlight.nl erreicht werden<\/p>\n\n\n\n<h2 class=\"wp-block-heading\">Personenbezogene Daten, die wir verarbeiten<\/h2>\n\n\n\n<p>Intermezzo Meat B.V. verarbeitet Ihre personenbezogenen Daten, weil Sie unsere Dienste nutzen und\/oder weil Sie uns diese selbst zur Verf\u00fcgung stellen.<\/p>\n\n\n\n<p>Nachfolgend finden Sie eine \u00dcbersicht \u00fcber die von uns verarbeiteten personenbezogenen Daten:<\/p>\n\n\n\n<ul class=\"wp-block-list\">\n<li>Vor-und Nachname<\/li>\n<\/ul>\n\n\n\n<ul class=\"wp-block-list\">\n<li>Adressdaten<\/li>\n<\/ul>\n\n\n\n<ul class=\"wp-block-list\">\n<li>Telefonnummer<\/li>\n<\/ul>\n\n\n\n<ul class=\"wp-block-list\">\n<li>E-Mail-Adresse<\/li>\n<\/ul>\n\n\n\n<ul class=\"wp-block-list\">\n<li>IP Adresse<\/li>\n<\/ul>\n\n\n\n<p>Sonstige personenbezogene Daten, die Sie uns aktiv zur Verf\u00fcgung stellen, beispielsweise durch die Erstellung eines Profils auf dieser Website, in der Korrespondenz und per Telefon<\/p>\n\n\n\n<h2 class=\"wp-block-heading\">Standortdaten<\/h2>\n\n\n\n<p>Informationen zu Ihren Aktivit\u00e4ten auf unserer Website<\/p>\n\n\n\n<p>Daten \u00fcber Ihr Surfverhalten auf verschiedenen Websites (z. B. weil dieses Unternehmen Teil eines Werbenetzwerks ist)<\/p>\n\n\n\n<h2 class=\"wp-block-heading\">Internetbrowser und Ger\u00e4tetyp<\/h2>\n\n\n\n<h3 class=\"wp-block-heading\">Besondere und\/oder sensible personenbezogene Daten, die wir verarbeiten<\/h3>\n\n\n\n<p>Unsere Website und\/oder unser Dienst beabsichtigen nicht, Daten \u00fcber Website-Besucher zu sammeln, die j\u00fcnger als 16 Jahre sind. Es sei denn, sie haben die Erlaubnis der Eltern oder Erziehungsberechtigten. Wir k\u00f6nnen jedoch nicht \u00fcberpr\u00fcfen, ob ein Besucher \u00e4lter als 16 Jahre ist. Wir empfehlen daher, dass Eltern in die Online-Aktivit\u00e4ten ihrer Kinder einbezogen werden, um zu verhindern, dass Daten \u00fcber Kinder ohne Zustimmung der Eltern erfasst werden. Wenn Sie davon \u00fcberzeugt sind, dass wir ohne diese Einwilligung personenbezogene Daten eines Minderj\u00e4hrigen gesammelt haben, kontaktieren Sie uns bitte unter info@intermezzomeat.com und wir werden diese Daten l\u00f6schen.<\/p>\n\n\n\n<h3 class=\"wp-block-heading\">Zu welchem Zweck und auf welcher Grundlage verarbeiten wir personenbezogene Daten?<\/h3>\n\n\n\n<p>Intermezzo Meat B.V. verarbeitet Ihre personenbezogenen Daten f\u00fcr folgende Zwecke:<\/p>\n\n\n\n<p>Versenden unseres Newsletters und\/oder unserer Werbebrosch\u00fcre<\/p>\n\n\n\n<p>Um Sie anrufen oder Ihnen eine E-Mail senden zu k\u00f6nnen, wenn dies f\u00fcr die Erbringung unserer Dienstleistungen erforderlich ist<\/p>\n\n\n\n<p>Um Sie \u00fcber \u00c4nderungen unserer Dienstleistungen und Produkte zu informieren<\/p>\n\n\n\n<p>Intermezzo Meat B.V. verarbeitet personenbezogene Daten auch dann, wenn wir gesetzlich dazu verpflichtet sind, beispielsweise Daten, die wir f\u00fcr unsere Steuererkl\u00e4rung ben\u00f6tigen.<\/p>\n\n\n\n<h2 class=\"wp-block-heading\">Automatisierte Entscheidungsfindung<\/h2>\n\n\n\n<p>Intermezzo Meat B.V. trifft keine Entscheidungen auf der Grundlage einer automatisierten Verarbeitung \u00fcber Angelegenheiten, die (erhebliche) Folgen f\u00fcr Menschen haben k\u00f6nnten. Hierbei handelt es sich um Entscheidungen, die von Computerprogrammen oder -systemen getroffen werden, ohne dass ein Mensch beteiligt ist (z. B. ein Mitarbeiter von Intermezzo Meat B.V.). Intermezzo Meat B.V. verwendet die folgenden Computerprogramme oder -systeme:<\/p>\n\n\n\n<h2 class=\"wp-block-heading\">Wie lange wir personenbezogene Daten aufbewahren<\/h2>\n\n\n\n<p>Intermezzo Meat B.V. speichert Ihre personenbezogenen Daten nicht l\u00e4nger als unbedingt erforderlich, um die Zwecke zu erreichen, f\u00fcr die Ihre Daten erhoben werden. Wenn Sie das Kontaktformular auf unserer Website ausf\u00fcllen, werden diese Informationen gespeichert und gespeichert, sodass wir jederzeit \u00fcber eine Kopie davon verf\u00fcgen. Diese werden nach einer bestimmten Zeit nicht gel\u00f6scht, Sie k\u00f6nnen diese Daten jedoch jederzeit anfordern oder einen Antrag auf L\u00f6schung stellen. Dazu tragen wir gerne bei. Senden Sie in einem solchen Fall eine E-Mail an info@intermezzomeat.com. Diese Informationen werden niemals an andere weitergegeben.<\/p>\n\n\n\n<h2 class=\"wp-block-heading\">Weitergabe personenbezogener Daten an Dritte<\/h2>\n\n\n\n<p>Intermezzo Meat B.V. verkauft Ihre Daten nicht an Dritte und stellt sie nur dann zur Verf\u00fcgung, wenn dies f\u00fcr die Ausf\u00fchrung unseres Vertrags mit Ihnen oder zur Einhaltung einer gesetzlichen Verpflichtung erforderlich ist. Wir schlie\u00dfen einen Verarbeitungsvertrag mit Unternehmen ab, die Ihre Daten in unserem Auftrag verarbeiten, um das gleiche Ma\u00df an Sicherheit und Vertraulichkeit Ihrer Daten zu gew\u00e4hrleisten. F\u00fcr diese Verarbeitungsvorg\u00e4nge bleibt Intermezzo Meat B.V. verantwortlich.<\/p>\n\n\n\n<h2 class=\"wp-block-heading\">Cookies oder \u00e4hnliche Techniken, die wir verwenden<\/h2>\n\n\n\n<p>Intermezzo Meat B.V. verwendet funktionale, analytische und Tracking-Cookies. Ein Cookie ist eine kleine Textdatei, die beim ersten Besuch dieser Website im Browser Ihres Computers, Tablets oder Smartphones gespeichert wird. Intermezzo Meat B.V. verwendet Cookies mit rein technischer Funktionalit\u00e4t. Diese stellen sicher, dass die Website ordnungsgem\u00e4\u00df funktioniert und dass beispielsweise Ihre Pr\u00e4ferenzeinstellungen gespeichert werden. Diese Cookies dienen auch dazu, die ordnungsgem\u00e4\u00dfe Funktion der Website sicherzustellen und zu optimieren. Wir platzieren auch Cookies, die Ihr Surfverhalten verfolgen, damit wir ma\u00dfgeschneiderte Inhalte und Werbung anbieten k\u00f6nnen.<\/p>\n\n\n\n<p>Bei Ihrem ersten Besuch auf unserer Website haben wir Sie bereits \u00fcber diese Cookies informiert und um Erlaubnis f\u00fcr deren Platzierung gebeten.<\/p>\n\n\n\n<p>Sie k\u00f6nnen sich von Cookies abmelden, indem Sie Ihren Internetbrowser so einstellen, dass er keine Cookies mehr speichert. Dar\u00fcber hinaus k\u00f6nnen Sie \u00fcber die Einstellungen Ihres Browsers auch alle zuvor gespeicherten Informationen l\u00f6schen.<\/p>\n\n\n\n<p>Eine Erkl\u00e4rung finden Sie unter: https:\/\/veiliginternetten.nl\/themes\/situation\/cookies-wat-zijn-het-en-wat-doe-ik-ermee\/<\/p>\n\n\n\n<p>Auf dieser Website werden auch Cookies von Dritten platziert. Dies sind beispielsweise Werbetreibende und\/oder Social-Media-Unternehmen. Nachfolgend eine \u00dcbersicht:<\/p>\n\n\n\n<p>Cookie:&nbsp;Google Analytics<br>Name: _ga<br>Funktion: Analytisches Cookie, das Website-Besuche misst<br>Aufbewahrungsfrist: 2 Jahre<\/p>\n\n\n\n<h2 class=\"wp-block-heading\">Daten einsehen, anpassen oder l\u00f6schen<\/h2>\n\n\n\n<p>Sie haben das Recht, Ihre personenbezogenen Daten einzusehen, zu korrigieren oder zu l\u00f6schen. Sie haben au\u00dferdem das Recht, Ihre Einwilligung zur Datenverarbeitung zu widerrufen oder der Verarbeitung Ihrer personenbezogenen Daten durch Intermezzo Meat B.V. zu widersprechen. und Sie haben das Recht auf Daten\u00fcbertragbarkeit. Das bedeutet, dass Sie bei uns einen Antrag stellen k\u00f6nnen, die personenbezogenen Daten, die wir \u00fcber Sie haben, in einer Computerdatei an Sie oder eine andere von Ihnen genannte Organisation zu senden.<\/p>\n\n\n\n<p>Sie k\u00f6nnen einen Antrag auf Zugriff, Berichtigung, L\u00f6schung, Daten\u00fcbertragung Ihrer personenbezogenen Daten oder einen Antrag auf Widerruf Ihrer Einwilligung oder Widerspruch gegen die Verarbeitung Ihrer personenbezogenen Daten an info@intermezzomeat.com senden.<\/p>\n\n\n\n<p>Um sicherzustellen, dass die Zugangsanfrage von Ihnen stammt, bitten wir Sie, der Anfrage eine Kopie Ihres Identit\u00e4tsnachweises beizuf\u00fcgen. Machen Sie in dieser Kopie Ihr Passfoto, die MRZ (maschinenlesbare Zone, der Streifen mit den Zahlen am unteren Rand des Passes), die Passnummer und die B\u00fcrgerservicenummer (BSN) schwarz. Dies dient dem Schutz Ihrer Privatsph\u00e4re. Wir werden Ihre Anfrage schnellstm\u00f6glich, jedoch innerhalb von vier Wochen, beantworten.<\/p>\n\n\n\n<p>Intermezzo Meat B.V. Wir m\u00f6chten Sie au\u00dferdem darauf hinweisen, dass Sie die M\u00f6glichkeit haben, eine Beschwerde bei der nationalen Aufsichtsbeh\u00f6rde, der niederl\u00e4ndischen Datenschutzbeh\u00f6rde, einzureichen. Dies kann \u00fcber den folgenden Link erfolgen: https:\/\/autoriteitpersoonsgegevens.nl\/nl\/contact-met-de-autoriteit-persoonsgegevens\/tip-ons<\/p>\n\n\n\n<h2 class=\"wp-block-heading\">Wie wir personenbezogene Daten sch\u00fctzen<\/h2>\n\n\n\n<p>Intermezzo Meat B.V. nimmt den Schutz Ihrer Daten ernst und ergreift geeignete Ma\u00dfnahmen, um Missbrauch, Verlust, unbefugten Zugriff, unerw\u00fcnschte Offenlegung und unbefugte \u00c4nderung zu verhindern. Sollten Sie den Eindruck haben, dass Ihre Daten nicht ordnungsgem\u00e4\u00df gesichert sind oder Hinweise auf einen Missbrauch vorliegen, wenden Sie sich bitte an unseren Kundenservice oder \u00fcber info@intermezzomeat.com<\/p>\n","protected":false},"excerpt":{"rendered":"<p>Intermezzo Meat B.V. mit Sitz in Oonksweg 38B, 7622 AW Borne ist f\u00fcr die Verarbeitung personenbezogener Daten gem\u00e4\u00df dieser Datenschutzerkl\u00e4rung verantwortlich. Kontaktdetails:https:\/\/www.intermezzomeat.com Oonksweg 38B, 7622 AW Borne +31 (0)53 478 90 41 Timo Kleinhout ist der Datenschutzbeauftragte von Intermezzo Meat B.V. Er kann \u00fcber timo@studioneonlight.nl erreicht werden Personenbezogene Daten, die wir verarbeiten Intermezzo Meat B.V. [&hellip;]<\/p>\n","protected":false},"author":3,"featured_media":0,"parent":0,"menu_order":0,"comment_status":"closed","ping_status":"open","template":"","meta":{"_acf_changed":false,"footnotes":""},"class_list":["post-1441","page","type-page","status-publish","hentry"],"acf":[],"yoast_head":"<!-- This site is optimized with the Yoast SEO plugin v27.3 - https:\/\/yoast.com\/product\/yoast-seo-wordpress\/ -->\n<title>Datenschutzrichtlinie - Intermezzo Meat<\/title>\n<meta name=\"robots\" content=\"index, follow, max-snippet:-1, max-image-preview:large, max-video-preview:-1\" \/>\n<link rel=\"canonical\" href=\"https:\/\/intermezzomeat.com\/de\/datenschutzrichtlinie\/\" \/>\n<meta property=\"og:locale\" content=\"de_DE\" \/>\n<meta property=\"og:type\" content=\"article\" \/>\n<meta property=\"og:title\" content=\"Datenschutzrichtlinie - Intermezzo Meat\" \/>\n<meta property=\"og:description\" content=\"Intermezzo Meat B.V. mit Sitz in Oonksweg 38B, 7622 AW Borne ist f\u00fcr die Verarbeitung personenbezogener Daten gem\u00e4\u00df dieser Datenschutzerkl\u00e4rung verantwortlich. Kontaktdetails:https:\/\/www.intermezzomeat.com Oonksweg 38B, 7622 AW Borne +31 (0)53 478 90 41 Timo Kleinhout ist der Datenschutzbeauftragte von Intermezzo Meat B.V. Er kann \u00fcber timo@studioneonlight.nl erreicht werden Personenbezogene Daten, die wir verarbeiten Intermezzo Meat B.V. [&hellip;]\" \/>\n<meta property=\"og:url\" content=\"https:\/\/intermezzomeat.com\/de\/datenschutzrichtlinie\/\" \/>\n<meta property=\"og:site_name\" content=\"Intermezzo Meat\" \/>\n<meta property=\"article:publisher\" content=\"https:\/\/www.facebook.com\/intermezzomeat\" \/>\n<meta property=\"article:modified_time\" content=\"2023-10-06T09:23:42+00:00\" \/>\n<meta name=\"twitter:card\" content=\"summary_large_image\" \/>\n<meta name=\"twitter:label1\" content=\"Gesch\u00e4tzte Lesezeit\" \/>\n\t<meta name=\"twitter:data1\" content=\"5\u00a0Minuten\" \/>\n<script type=\"application\/ld+json\" class=\"yoast-schema-graph\">{\"@context\":\"https:\\\/\\\/schema.org\",\"@graph\":[{\"@type\":\"WebPage\",\"@id\":\"https:\\\/\\\/intermezzomeat.com\\\/de\\\/datenschutzrichtlinie\\\/\",\"url\":\"https:\\\/\\\/intermezzomeat.com\\\/de\\\/datenschutzrichtlinie\\\/\",\"name\":\"Datenschutzrichtlinie - Intermezzo Meat\",\"isPartOf\":{\"@id\":\"https:\\\/\\\/intermezzomeat.com\\\/de\\\/#website\"},\"datePublished\":\"2022-11-14T16:03:19+00:00\",\"dateModified\":\"2023-10-06T09:23:42+00:00\",\"breadcrumb\":{\"@id\":\"https:\\\/\\\/intermezzomeat.com\\\/de\\\/datenschutzrichtlinie\\\/#breadcrumb\"},\"inLanguage\":\"de\",\"potentialAction\":[{\"@type\":\"ReadAction\",\"target\":[\"https:\\\/\\\/intermezzomeat.com\\\/de\\\/datenschutzrichtlinie\\\/\"]}]},{\"@type\":\"BreadcrumbList\",\"@id\":\"https:\\\/\\\/intermezzomeat.com\\\/de\\\/datenschutzrichtlinie\\\/#breadcrumb\",\"itemListElement\":[{\"@type\":\"ListItem\",\"position\":1,\"name\":\"Home\",\"item\":\"https:\\\/\\\/intermezzomeat.com\\\/de\\\/\"},{\"@type\":\"ListItem\",\"position\":2,\"name\":\"Datenschutzrichtlinie\"}]},{\"@type\":\"WebSite\",\"@id\":\"https:\\\/\\\/intermezzomeat.com\\\/de\\\/#website\",\"url\":\"https:\\\/\\\/intermezzomeat.com\\\/de\\\/\",\"name\":\"Intermezzo Meat\",\"description\":\"Specialist in convenience producten voor de horeca en foodservices.\",\"potentialAction\":[{\"@type\":\"SearchAction\",\"target\":{\"@type\":\"EntryPoint\",\"urlTemplate\":\"https:\\\/\\\/intermezzomeat.com\\\/de\\\/?s={search_term_string}\"},\"query-input\":{\"@type\":\"PropertyValueSpecification\",\"valueRequired\":true,\"valueName\":\"search_term_string\"}}],\"inLanguage\":\"de\"}]}<\/script>\n<!-- \/ Yoast SEO plugin. -->","yoast_head_json":{"title":"Datenschutzrichtlinie - Intermezzo Meat","robots":{"index":"index","follow":"follow","max-snippet":"max-snippet:-1","max-image-preview":"max-image-preview:large","max-video-preview":"max-video-preview:-1"},"canonical":"https:\/\/intermezzomeat.com\/de\/datenschutzrichtlinie\/","og_locale":"de_DE","og_type":"article","og_title":"Datenschutzrichtlinie - Intermezzo Meat","og_description":"Intermezzo Meat B.V. mit Sitz in Oonksweg 38B, 7622 AW Borne ist f\u00fcr die Verarbeitung personenbezogener Daten gem\u00e4\u00df dieser Datenschutzerkl\u00e4rung verantwortlich. Kontaktdetails:https:\/\/www.intermezzomeat.com Oonksweg 38B, 7622 AW Borne +31 (0)53 478 90 41 Timo Kleinhout ist der Datenschutzbeauftragte von Intermezzo Meat B.V. Er kann \u00fcber timo@studioneonlight.nl erreicht werden Personenbezogene Daten, die wir verarbeiten Intermezzo Meat B.V. [&hellip;]","og_url":"https:\/\/intermezzomeat.com\/de\/datenschutzrichtlinie\/","og_site_name":"Intermezzo Meat","article_publisher":"https:\/\/www.facebook.com\/intermezzomeat","article_modified_time":"2023-10-06T09:23:42+00:00","twitter_card":"summary_large_image","twitter_misc":{"Gesch\u00e4tzte Lesezeit":"5\u00a0Minuten"},"schema":{"@context":"https:\/\/schema.org","@graph":[{"@type":"WebPage","@id":"https:\/\/intermezzomeat.com\/de\/datenschutzrichtlinie\/","url":"https:\/\/intermezzomeat.com\/de\/datenschutzrichtlinie\/","name":"Datenschutzrichtlinie - Intermezzo Meat","isPartOf":{"@id":"https:\/\/intermezzomeat.com\/de\/#website"},"datePublished":"2022-11-14T16:03:19+00:00","dateModified":"2023-10-06T09:23:42+00:00","breadcrumb":{"@id":"https:\/\/intermezzomeat.com\/de\/datenschutzrichtlinie\/#breadcrumb"},"inLanguage":"de","potentialAction":[{"@type":"ReadAction","target":["https:\/\/intermezzomeat.com\/de\/datenschutzrichtlinie\/"]}]},{"@type":"BreadcrumbList","@id":"https:\/\/intermezzomeat.com\/de\/datenschutzrichtlinie\/#breadcrumb","itemListElement":[{"@type":"ListItem","position":1,"name":"Home","item":"https:\/\/intermezzomeat.com\/de\/"},{"@type":"ListItem","position":2,"name":"Datenschutzrichtlinie"}]},{"@type":"WebSite","@id":"https:\/\/intermezzomeat.com\/de\/#website","url":"https:\/\/intermezzomeat.com\/de\/","name":"Intermezzo Meat","description":"Specialist in convenience producten voor de horeca en foodservices.","potentialAction":[{"@type":"SearchAction","target":{"@type":"EntryPoint","urlTemplate":"https:\/\/intermezzomeat.com\/de\/?s={search_term_string}"},"query-input":{"@type":"PropertyValueSpecification","valueRequired":true,"valueName":"search_term_string"}}],"inLanguage":"de"}]}},"_links":{"self":[{"href":"https:\/\/intermezzomeat.com\/de\/wp-json\/wp\/v2\/pages\/1441","targetHints":{"allow":["GET"]}}],"collection":[{"href":"https:\/\/intermezzomeat.com\/de\/wp-json\/wp\/v2\/pages"}],"about":[{"href":"https:\/\/intermezzomeat.com\/de\/wp-json\/wp\/v2\/types\/page"}],"author":[{"embeddable":true,"href":"https:\/\/intermezzomeat.com\/de\/wp-json\/wp\/v2\/users\/3"}],"replies":[{"embeddable":true,"href":"https:\/\/intermezzomeat.com\/de\/wp-json\/wp\/v2\/comments?post=1441"}],"version-history":[{"count":1,"href":"https:\/\/intermezzomeat.com\/de\/wp-json\/wp\/v2\/pages\/1441\/revisions"}],"predecessor-version":[{"id":2605,"href":"https:\/\/intermezzomeat.com\/de\/wp-json\/wp\/v2\/pages\/1441\/revisions\/2605"}],"wp:attachment":[{"href":"https:\/\/intermezzomeat.com\/de\/wp-json\/wp\/v2\/media?parent=1441"}],"curies":[{"name":"wp","href":"https:\/\/api.w.org\/{rel}","templated":true}]}}