{"id":1130,"date":"2023-01-13T11:11:16","date_gmt":"2023-01-13T10:11:16","guid":{"rendered":"https:\/\/intermezzomeat.com\/?page_id=1130"},"modified":"2025-11-26T13:23:10","modified_gmt":"2025-11-26T12:23:10","slug":"qualitaet","status":"publish","type":"page","link":"https:\/\/intermezzomeat.com\/de\/qualitaet\/","title":{"rendered":"Qualit\u00e4t"},"content":{"rendered":"","protected":false},"excerpt":{"rendered":"","protected":false},"author":3,"featured_media":0,"parent":0,"menu_order":0,"comment_status":"closed","ping_status":"closed","template":"page-kwaliteit.php","meta":{"_acf_changed":false,"footnotes":""},"class_list":["post-1130","page","type-page","status-publish","hentry"],"acf":[],"yoast_head":"<!-- This site is optimized with the Yoast SEO plugin v27.3 - https:\/\/yoast.com\/product\/yoast-seo-wordpress\/ -->\n<title>Qualit\u00e4t - Intermezzo Meat<\/title>\n<meta name=\"description\" content=\"Intermezzo Meat steht fur Qualit\u00e4t. Um diese Qualit\u00e4t zu gewahrleisten, beziehen wir unsere frischen Rohstoffe taglich direkt von zertifizierten Schlachthofen. Unsere Produkte werden mit innovatieve Koch- und Grilltechniek zubereitet, sodass die Produkte ihren kostlichen Geschmack und Zartheit behalten. Die Qualit\u00e4t und Sicherheit der Produkte und Prozesse wird durch unsere IFS Food Zertifizierung und unsere Zusammenarbeit mit starken und zuverlassige Lieferanten und Partnern gewahrleistet.\" \/>\n<meta name=\"robots\" content=\"index, follow, max-snippet:-1, max-image-preview:large, max-video-preview:-1\" \/>\n<link rel=\"canonical\" href=\"https:\/\/intermezzomeat.com\/de\/qualitaet\/\" \/>\n<meta property=\"og:locale\" content=\"de_DE\" \/>\n<meta property=\"og:type\" content=\"article\" \/>\n<meta property=\"og:title\" content=\"Qualit\u00e4t - Intermezzo Meat\" \/>\n<meta property=\"og:description\" content=\"Intermezzo Meat steht fur Qualit\u00e4t. Um diese Qualit\u00e4t zu gewahrleisten, beziehen wir unsere frischen Rohstoffe taglich direkt von zertifizierten Schlachthofen. Unsere Produkte werden mit innovatieve Koch- und Grilltechniek zubereitet, sodass die Produkte ihren kostlichen Geschmack und Zartheit behalten. Die Qualit\u00e4t und Sicherheit der Produkte und Prozesse wird durch unsere IFS Food Zertifizierung und unsere Zusammenarbeit mit starken und zuverlassige Lieferanten und Partnern gewahrleistet.\" \/>\n<meta property=\"og:url\" content=\"https:\/\/intermezzomeat.com\/de\/qualitaet\/\" \/>\n<meta property=\"og:site_name\" content=\"Intermezzo Meat\" \/>\n<meta property=\"article:publisher\" content=\"https:\/\/www.facebook.com\/intermezzomeat\" \/>\n<meta property=\"article:modified_time\" content=\"2025-11-26T12:23:10+00:00\" \/>\n<meta name=\"twitter:card\" content=\"summary_large_image\" \/>\n<meta name=\"twitter:label1\" content=\"Gesch\u00e4tzte Lesezeit\" \/>\n\t<meta name=\"twitter:data1\" content=\"2\u00a0Minuten\" \/>\n<script type=\"application\/ld+json\" class=\"yoast-schema-graph\">{\"@context\":\"https:\\\/\\\/schema.org\",\"@graph\":[{\"@type\":\"WebPage\",\"@id\":\"https:\\\/\\\/intermezzomeat.com\\\/de\\\/qualitaet\\\/\",\"url\":\"https:\\\/\\\/intermezzomeat.com\\\/de\\\/qualitaet\\\/\",\"name\":\"Qualit\u00e4t - Intermezzo Meat\",\"isPartOf\":{\"@id\":\"https:\\\/\\\/intermezzomeat.com\\\/de\\\/#website\"},\"datePublished\":\"2023-01-13T10:11:16+00:00\",\"dateModified\":\"2025-11-26T12:23:10+00:00\",\"description\":\"Intermezzo Meat steht fur Qualit\u00e4t. Um diese Qualit\u00e4t zu gewahrleisten, beziehen wir unsere frischen Rohstoffe taglich direkt von zertifizierten Schlachthofen. Unsere Produkte werden mit innovatieve Koch- und Grilltechniek zubereitet, sodass die Produkte ihren kostlichen Geschmack und Zartheit behalten. Die Qualit\u00e4t und Sicherheit der Produkte und Prozesse wird durch unsere IFS Food Zertifizierung und unsere Zusammenarbeit mit starken und zuverlassige Lieferanten und Partnern gewahrleistet.\",\"breadcrumb\":{\"@id\":\"https:\\\/\\\/intermezzomeat.com\\\/de\\\/qualitaet\\\/#breadcrumb\"},\"inLanguage\":\"de\",\"potentialAction\":[{\"@type\":\"ReadAction\",\"target\":[\"https:\\\/\\\/intermezzomeat.com\\\/de\\\/qualitaet\\\/\"]}]},{\"@type\":\"BreadcrumbList\",\"@id\":\"https:\\\/\\\/intermezzomeat.com\\\/de\\\/qualitaet\\\/#breadcrumb\",\"itemListElement\":[{\"@type\":\"ListItem\",\"position\":1,\"name\":\"Home\",\"item\":\"https:\\\/\\\/intermezzomeat.com\\\/de\\\/\"},{\"@type\":\"ListItem\",\"position\":2,\"name\":\"Qualit\u00e4t\"}]},{\"@type\":\"WebSite\",\"@id\":\"https:\\\/\\\/intermezzomeat.com\\\/de\\\/#website\",\"url\":\"https:\\\/\\\/intermezzomeat.com\\\/de\\\/\",\"name\":\"Intermezzo Meat\",\"description\":\"Specialist in convenience producten voor de horeca en foodservices.\",\"potentialAction\":[{\"@type\":\"SearchAction\",\"target\":{\"@type\":\"EntryPoint\",\"urlTemplate\":\"https:\\\/\\\/intermezzomeat.com\\\/de\\\/?s={search_term_string}\"},\"query-input\":{\"@type\":\"PropertyValueSpecification\",\"valueRequired\":true,\"valueName\":\"search_term_string\"}}],\"inLanguage\":\"de\"}]}<\/script>\n<!-- \/ Yoast SEO plugin. -->","yoast_head_json":{"title":"Qualit\u00e4t - Intermezzo Meat","description":"Intermezzo Meat steht fur Qualit\u00e4t. Um diese Qualit\u00e4t zu gewahrleisten, beziehen wir unsere frischen Rohstoffe taglich direkt von zertifizierten Schlachthofen. Unsere Produkte werden mit innovatieve Koch- und Grilltechniek zubereitet, sodass die Produkte ihren kostlichen Geschmack und Zartheit behalten. Die Qualit\u00e4t und Sicherheit der Produkte und Prozesse wird durch unsere IFS Food Zertifizierung und unsere Zusammenarbeit mit starken und zuverlassige Lieferanten und Partnern gewahrleistet.","robots":{"index":"index","follow":"follow","max-snippet":"max-snippet:-1","max-image-preview":"max-image-preview:large","max-video-preview":"max-video-preview:-1"},"canonical":"https:\/\/intermezzomeat.com\/de\/qualitaet\/","og_locale":"de_DE","og_type":"article","og_title":"Qualit\u00e4t - Intermezzo Meat","og_description":"Intermezzo Meat steht fur Qualit\u00e4t. Um diese Qualit\u00e4t zu gewahrleisten, beziehen wir unsere frischen Rohstoffe taglich direkt von zertifizierten Schlachthofen. Unsere Produkte werden mit innovatieve Koch- und Grilltechniek zubereitet, sodass die Produkte ihren kostlichen Geschmack und Zartheit behalten. Die Qualit\u00e4t und Sicherheit der Produkte und Prozesse wird durch unsere IFS Food Zertifizierung und unsere Zusammenarbeit mit starken und zuverlassige Lieferanten und Partnern gewahrleistet.","og_url":"https:\/\/intermezzomeat.com\/de\/qualitaet\/","og_site_name":"Intermezzo Meat","article_publisher":"https:\/\/www.facebook.com\/intermezzomeat","article_modified_time":"2025-11-26T12:23:10+00:00","twitter_card":"summary_large_image","twitter_misc":{"Gesch\u00e4tzte Lesezeit":"2\u00a0Minuten"},"schema":{"@context":"https:\/\/schema.org","@graph":[{"@type":"WebPage","@id":"https:\/\/intermezzomeat.com\/de\/qualitaet\/","url":"https:\/\/intermezzomeat.com\/de\/qualitaet\/","name":"Qualit\u00e4t - Intermezzo Meat","isPartOf":{"@id":"https:\/\/intermezzomeat.com\/de\/#website"},"datePublished":"2023-01-13T10:11:16+00:00","dateModified":"2025-11-26T12:23:10+00:00","description":"Intermezzo Meat steht fur Qualit\u00e4t. Um diese Qualit\u00e4t zu gewahrleisten, beziehen wir unsere frischen Rohstoffe taglich direkt von zertifizierten Schlachthofen. Unsere Produkte werden mit innovatieve Koch- und Grilltechniek zubereitet, sodass die Produkte ihren kostlichen Geschmack und Zartheit behalten. Die Qualit\u00e4t und Sicherheit der Produkte und Prozesse wird durch unsere IFS Food Zertifizierung und unsere Zusammenarbeit mit starken und zuverlassige Lieferanten und Partnern gewahrleistet.","breadcrumb":{"@id":"https:\/\/intermezzomeat.com\/de\/qualitaet\/#breadcrumb"},"inLanguage":"de","potentialAction":[{"@type":"ReadAction","target":["https:\/\/intermezzomeat.com\/de\/qualitaet\/"]}]},{"@type":"BreadcrumbList","@id":"https:\/\/intermezzomeat.com\/de\/qualitaet\/#breadcrumb","itemListElement":[{"@type":"ListItem","position":1,"name":"Home","item":"https:\/\/intermezzomeat.com\/de\/"},{"@type":"ListItem","position":2,"name":"Qualit\u00e4t"}]},{"@type":"WebSite","@id":"https:\/\/intermezzomeat.com\/de\/#website","url":"https:\/\/intermezzomeat.com\/de\/","name":"Intermezzo Meat","description":"Specialist in convenience producten voor de horeca en foodservices.","potentialAction":[{"@type":"SearchAction","target":{"@type":"EntryPoint","urlTemplate":"https:\/\/intermezzomeat.com\/de\/?s={search_term_string}"},"query-input":{"@type":"PropertyValueSpecification","valueRequired":true,"valueName":"search_term_string"}}],"inLanguage":"de"}]}},"_links":{"self":[{"href":"https:\/\/intermezzomeat.com\/de\/wp-json\/wp\/v2\/pages\/1130","targetHints":{"allow":["GET"]}}],"collection":[{"href":"https:\/\/intermezzomeat.com\/de\/wp-json\/wp\/v2\/pages"}],"about":[{"href":"https:\/\/intermezzomeat.com\/de\/wp-json\/wp\/v2\/types\/page"}],"author":[{"embeddable":true,"href":"https:\/\/intermezzomeat.com\/de\/wp-json\/wp\/v2\/users\/3"}],"replies":[{"embeddable":true,"href":"https:\/\/intermezzomeat.com\/de\/wp-json\/wp\/v2\/comments?post=1130"}],"version-history":[{"count":6,"href":"https:\/\/intermezzomeat.com\/de\/wp-json\/wp\/v2\/pages\/1130\/revisions"}],"predecessor-version":[{"id":9074,"href":"https:\/\/intermezzomeat.com\/de\/wp-json\/wp\/v2\/pages\/1130\/revisions\/9074"}],"wp:attachment":[{"href":"https:\/\/intermezzomeat.com\/de\/wp-json\/wp\/v2\/media?parent=1130"}],"curies":[{"name":"wp","href":"https:\/\/api.w.org\/{rel}","templated":true}]}}